{"id":277,"date":"2025-02-24T20:27:46","date_gmt":"2025-02-24T20:27:46","guid":{"rendered":"https:\/\/prueba.mayabad.com\/?post_type=product&#038;p=277"},"modified":"2025-02-24T20:32:35","modified_gmt":"2025-02-24T20:32:35","slug":"corazon-de-madera-70-x-30-cms","status":"publish","type":"product","link":"https:\/\/prueba.mayabad.com\/index.php\/producto\/corazon-de-madera-70-x-30-cms\/","title":{"rendered":"Coraz\u00f3n de madera (70 x 30 cms)"},"content":{"rendered":"<h5><span style=\"color: #333333;\">\u00abCoraz\u00f3n de Madera\u00bb \u2013 Pintura Abstracta Original de May Abad<\/span><\/h5>\n<h5><span style=\"color: #333333;\">La calidez del tiempo y la esencia de lo aut\u00e9ntico se reflejan en \u00abCoraz\u00f3n de Madera\u00bb, una obra \u00fanica de la pintora sevillana May Abad. En este lienzo de 70 x 30 cm, los tonos rojizos, cobres y blanco desgastado evocan la belleza de la madera envejecida, con texturas y efectos de desgaste que transmiten historia y profundidad.<\/span><\/h5>\n<h5><span style=\"color: #333333;\">En el centro de esta composici\u00f3n, un coraz\u00f3n de madera emerge como protagonista, situado en un lugar privilegiado del lienzo. No es solo una figura: es un s\u00edmbolo de fuerza, amor y conexi\u00f3n con lo esencial, cargado de un significado especial por la artista.<\/span><\/h5>\n<h5><span style=\"color: #333333;\">Las pinceladas trabajadas con t\u00e9cnicas mixtas aportan un acabado artesanal y sensorial, haciendo de esta obra una pieza con alma propia, perfecta para quienes buscan arte con una historia que contar.<\/span><\/h5>\n<h5><span style=\"color: #333333;\">\u2714\ufe0f Obra \u00fanica y firmada a mano<\/span><br \/>\n<span style=\"color: #333333;\">\u2714\ufe0f Certificado de autenticidad incluido<\/span><br \/>\n<span style=\"color: #333333;\">\u2714\ufe0f T\u00e9cnica mixta con efectos envejecidos y texturas en relieve<\/span><br \/>\n<span style=\"color: #333333;\">\u2714\ufe0f Ideal para espacios con estilo r\u00fastico, bohemio o contempor\u00e1neo<\/span><\/h5>\n<h5><span style=\"color: #333333;\">\u00abCoraz\u00f3n de Madera\u00bb es una invitaci\u00f3n a conectar con lo esencial, una pieza cargada de simbolismo y emoci\u00f3n. Solo una unidad disponible.<\/span><\/h5>\n<h5><span style=\"color: #333333;\">\u2728 D\u00e9jate llevar por la calidez y la historia que encierra esta obra \u00fanica. \u2728<\/span><\/h5>\n","protected":false},"excerpt":{"rendered":"<p data-start=\"0\" data-end=\"66\"><span style=\"color: #333333;\"><strong data-start=\"0\" data-end=\"64\">\u00abCoraz\u00f3n de Madera\u00bb \u2013 Pintura Abstracta Original de May Abad<\/strong><\/span><\/p>\n<p data-start=\"68\" data-end=\"414\"><span style=\"color: #333333;\">La calidez del tiempo y la esencia de lo aut\u00e9ntico se reflejan en <strong data-start=\"134\" data-end=\"157\">\u00abCoraz\u00f3n de Madera\u00bb<\/strong>, una obra \u00fanica de la pintora sevillana <strong data-start=\"198\" data-end=\"210\">May Abad<\/strong>. En este lienzo de <strong data-start=\"230\" data-end=\"244\">70 x 30 cm<\/strong>, los tonos <strong data-start=\"256\" data-end=\"295\">rojizos, cobres y blanco desgastado<\/strong> evocan la belleza de la madera envejecida, con texturas y efectos de desgaste que transmiten historia y profundidad.<\/span><\/p>\n<p data-start=\"416\" data-end=\"679\"><span style=\"color: #333333;\">En el centro de esta composici\u00f3n, un <strong data-start=\"453\" data-end=\"474\">coraz\u00f3n de madera<\/strong> emerge como protagonista, situado en un lugar privilegiado del lienzo. No es solo una figura: es un s\u00edmbolo de fuerza, amor y conexi\u00f3n con lo esencial, cargado de un significado especial por la artista.<\/span><\/p>\n<p data-start=\"681\" data-end=\"882\"><span style=\"color: #333333;\">Las pinceladas trabajadas con t\u00e9cnicas mixtas aportan un acabado artesanal y sensorial, haciendo de esta obra una pieza con alma propia, perfecta para quienes buscan arte con una historia que contar.<\/span><\/p>\n<p data-start=\"884\" data-end=\"1108\"><span style=\"color: #333333;\">\u2714\ufe0f <strong data-start=\"887\" data-end=\"918\">Obra \u00fanica y firmada a mano<\/strong><\/span><br data-start=\"918\" data-end=\"921\" \/><span style=\"color: #333333;\">\u2714\ufe0f <strong data-start=\"924\" data-end=\"964\">Certificado de autenticidad incluido<\/strong><\/span><br data-start=\"964\" data-end=\"967\" \/><span style=\"color: #333333;\">\u2714\ufe0f <strong data-start=\"970\" data-end=\"1033\">T\u00e9cnica mixta con efectos envejecidos y texturas en relieve<\/strong><\/span><br data-start=\"1033\" data-end=\"1036\" \/><span style=\"color: #333333;\">\u2714\ufe0f <strong data-start=\"1039\" data-end=\"1106\">Ideal para espacios con estilo r\u00fastico, bohemio o contempor\u00e1neo<\/strong><\/span><\/p>\n<p data-start=\"1110\" data-end=\"1256\"><span style=\"color: #333333;\"><strong data-start=\"1110\" data-end=\"1133\">\u00abCoraz\u00f3n de Madera\u00bb<\/strong> es una invitaci\u00f3n a conectar con lo esencial, una pieza cargada de simbolismo y emoci\u00f3n. <strong data-start=\"1223\" data-end=\"1254\">Solo una unidad disponible.<\/strong><\/span><\/p>\n<p data-start=\"1258\" data-end=\"1338\" data-is-last-node=\"\" data-is-only-node=\"\"><span style=\"color: #333333;\">\u2728 <strong data-start=\"1260\" data-end=\"1336\">D\u00e9jate llevar por la calidez y la historia que encierra esta obra \u00fanica.<\/strong> \u2728<\/span><\/p>\n","protected":false},"featured_media":278,"comment_status":"open","ping_status":"closed","template":"","meta":{"_seopress_robots_primary_cat":"","_seopress_titles_title":"","_seopress_titles_desc":"","_seopress_robots_index":"","_regular_price":["150"],"currency_symbol":[]},"product_brand":[],"product_cat":[22,21],"product_tag":[],"class_list":{"0":"post-277","1":"product","2":"type-product","3":"status-publish","4":"has-post-thumbnail","6":"product_cat-colores","7":"product_cat-mis-trabajos-originales","9":"first","10":"instock","11":"shipping-taxable","12":"purchasable","13":"product-type-simple"},"post_slider_layout_featured_media_urls":{"thumbnail":["https:\/\/prueba.mayabad.com\/wp-content\/uploads\/2025\/02\/Imagen-de-WhatsApp-2025-02-24-a-las-21.26.16_83cd6a7d-150x150.jpg",150,150,true],"post_slider_layout_landscape_large":["https:\/\/prueba.mayabad.com\/wp-content\/uploads\/2025\/02\/Imagen-de-WhatsApp-2025-02-24-a-las-21.26.16_83cd6a7d-1200x800.jpg",1200,800,true],"post_slider_layout_portrait_large":["https:\/\/prueba.mayabad.com\/wp-content\/uploads\/2025\/02\/Imagen-de-WhatsApp-2025-02-24-a-las-21.26.16_83cd6a7d-1200x1440.jpg",1200,1440,true],"post_slider_layout_square_large":["https:\/\/prueba.mayabad.com\/wp-content\/uploads\/2025\/02\/Imagen-de-WhatsApp-2025-02-24-a-las-21.26.16_83cd6a7d-1200x1200.jpg",1200,1200,true],"post_slider_layout_landscape":["https:\/\/prueba.mayabad.com\/wp-content\/uploads\/2025\/02\/Imagen-de-WhatsApp-2025-02-24-a-las-21.26.16_83cd6a7d-600x400.jpg",600,400,true],"post_slider_layout_portrait":["https:\/\/prueba.mayabad.com\/wp-content\/uploads\/2025\/02\/Imagen-de-WhatsApp-2025-02-24-a-las-21.26.16_83cd6a7d-600x900.jpg",600,900,true],"post_slider_layout_square":["https:\/\/prueba.mayabad.com\/wp-content\/uploads\/2025\/02\/Imagen-de-WhatsApp-2025-02-24-a-las-21.26.16_83cd6a7d-600x600.jpg",600,600,true],"full":["https:\/\/prueba.mayabad.com\/wp-content\/uploads\/2025\/02\/Imagen-de-WhatsApp-2025-02-24-a-las-21.26.16_83cd6a7d.jpg",1440,1440,false]},"yoast_head":"<!-- This site is optimized with the Yoast SEO plugin v27.4 - https:\/\/yoast.com\/product\/yoast-seo-wordpress\/ -->\n<title>Coraz\u00f3n de madera (70 x 30 cms) - Arte Unico y personalizado. Cuadros por encargo<\/title>\n<meta name=\"robots\" content=\"index, follow, max-snippet:-1, max-image-preview:large, max-video-preview:-1\" \/>\n<link rel=\"canonical\" href=\"https:\/\/prueba.mayabad.com\/index.php\/producto\/corazon-de-madera-70-x-30-cms\/\" \/>\n<meta property=\"og:locale\" content=\"es_ES\" \/>\n<meta property=\"og:type\" content=\"article\" \/>\n<meta property=\"og:title\" content=\"Coraz\u00f3n de madera (70 x 30 cms) - Arte Unico y personalizado. Cuadros por encargo\" \/>\n<meta property=\"og:description\" content=\"&quot;Coraz\u00f3n de Madera&quot; \u2013 Pintura Abstracta Original de May Abad La calidez del tiempo y la esencia de lo aut\u00e9ntico se reflejan en &quot;Coraz\u00f3n de Madera&quot;, una obra \u00fanica de la pintora sevillana May Abad. En este lienzo de 70 x 30 cm, los tonos rojizos, cobres y blanco desgastado evocan la belleza de la madera envejecida, con texturas y efectos de desgaste que transmiten historia y profundidad. En el centro de esta composici\u00f3n, un coraz\u00f3n de madera emerge como protagonista, situado en un lugar privilegiado del lienzo. No es solo una figura: es un s\u00edmbolo de fuerza, amor y conexi\u00f3n con lo esencial, cargado de un significado especial por la artista. Las pinceladas trabajadas con t\u00e9cnicas mixtas aportan un acabado artesanal y sensorial, haciendo de esta obra una pieza con alma propia, perfecta para quienes buscan arte con una historia que contar. \u2714\ufe0f Obra \u00fanica y firmada a mano\u2714\ufe0f Certificado de autenticidad incluido\u2714\ufe0f T\u00e9cnica mixta con efectos envejecidos y texturas en relieve\u2714\ufe0f Ideal para espacios con estilo r\u00fastico, bohemio o contempor\u00e1neo &quot;Coraz\u00f3n de Madera&quot; es una invitaci\u00f3n a conectar con lo esencial, una pieza cargada de simbolismo y emoci\u00f3n. Solo una unidad disponible. \u2728 D\u00e9jate llevar por la calidez y la historia que encierra esta obra \u00fanica. \u2728\" \/>\n<meta property=\"og:url\" content=\"https:\/\/prueba.mayabad.com\/index.php\/producto\/corazon-de-madera-70-x-30-cms\/\" \/>\n<meta property=\"og:site_name\" content=\"Arte Unico y personalizado. Cuadros por encargo\" \/>\n<meta property=\"article:modified_time\" content=\"2025-02-24T20:32:35+00:00\" \/>\n<meta property=\"og:image\" content=\"https:\/\/prueba.mayabad.com\/wp-content\/uploads\/2025\/02\/Imagen-de-WhatsApp-2025-02-24-a-las-21.26.16_83cd6a7d.jpg\" \/>\n\t<meta property=\"og:image:width\" content=\"1440\" \/>\n\t<meta property=\"og:image:height\" content=\"1440\" \/>\n\t<meta property=\"og:image:type\" content=\"image\/jpeg\" \/>\n<meta name=\"twitter:card\" content=\"summary_large_image\" \/>\n<meta name=\"twitter:label1\" content=\"Tiempo de lectura\" \/>\n\t<meta name=\"twitter:data1\" content=\"1 minuto\" \/>\n<script type=\"application\/ld+json\" class=\"yoast-schema-graph\">{\"@context\":\"https:\\\/\\\/schema.org\",\"@graph\":[{\"@type\":\"WebPage\",\"@id\":\"https:\\\/\\\/prueba.mayabad.com\\\/index.php\\\/producto\\\/corazon-de-madera-70-x-30-cms\\\/\",\"url\":\"https:\\\/\\\/prueba.mayabad.com\\\/index.php\\\/producto\\\/corazon-de-madera-70-x-30-cms\\\/\",\"name\":\"Coraz\u00f3n de madera (70 x 30 cms) - Arte Unico y personalizado. Cuadros por encargo\",\"isPartOf\":{\"@id\":\"https:\\\/\\\/prueba.mayabad.com\\\/#website\"},\"primaryImageOfPage\":{\"@id\":\"https:\\\/\\\/prueba.mayabad.com\\\/index.php\\\/producto\\\/corazon-de-madera-70-x-30-cms\\\/#primaryimage\"},\"image\":{\"@id\":\"https:\\\/\\\/prueba.mayabad.com\\\/index.php\\\/producto\\\/corazon-de-madera-70-x-30-cms\\\/#primaryimage\"},\"thumbnailUrl\":\"https:\\\/\\\/prueba.mayabad.com\\\/wp-content\\\/uploads\\\/2025\\\/02\\\/Imagen-de-WhatsApp-2025-02-24-a-las-21.26.16_83cd6a7d.jpg\",\"datePublished\":\"2025-02-24T20:27:46+00:00\",\"dateModified\":\"2025-02-24T20:32:35+00:00\",\"breadcrumb\":{\"@id\":\"https:\\\/\\\/prueba.mayabad.com\\\/index.php\\\/producto\\\/corazon-de-madera-70-x-30-cms\\\/#breadcrumb\"},\"inLanguage\":\"es\",\"potentialAction\":[{\"@type\":\"ReadAction\",\"target\":[\"https:\\\/\\\/prueba.mayabad.com\\\/index.php\\\/producto\\\/corazon-de-madera-70-x-30-cms\\\/\"]}]},{\"@type\":\"ImageObject\",\"inLanguage\":\"es\",\"@id\":\"https:\\\/\\\/prueba.mayabad.com\\\/index.php\\\/producto\\\/corazon-de-madera-70-x-30-cms\\\/#primaryimage\",\"url\":\"https:\\\/\\\/prueba.mayabad.com\\\/wp-content\\\/uploads\\\/2025\\\/02\\\/Imagen-de-WhatsApp-2025-02-24-a-las-21.26.16_83cd6a7d.jpg\",\"contentUrl\":\"https:\\\/\\\/prueba.mayabad.com\\\/wp-content\\\/uploads\\\/2025\\\/02\\\/Imagen-de-WhatsApp-2025-02-24-a-las-21.26.16_83cd6a7d.jpg\",\"width\":1440,\"height\":1440},{\"@type\":\"BreadcrumbList\",\"@id\":\"https:\\\/\\\/prueba.mayabad.com\\\/index.php\\\/producto\\\/corazon-de-madera-70-x-30-cms\\\/#breadcrumb\",\"itemListElement\":[{\"@type\":\"ListItem\",\"position\":1,\"name\":\"Portada\",\"item\":\"https:\\\/\\\/prueba.mayabad.com\\\/\"},{\"@type\":\"ListItem\",\"position\":2,\"name\":\"Tienda\",\"item\":\"https:\\\/\\\/prueba.mayabad.com\\\/index.php\\\/tienda\\\/\"},{\"@type\":\"ListItem\",\"position\":3,\"name\":\"Coraz\u00f3n de madera (70 x 30 cms)\"}]},{\"@type\":\"WebSite\",\"@id\":\"https:\\\/\\\/prueba.mayabad.com\\\/#website\",\"url\":\"https:\\\/\\\/prueba.mayabad.com\\\/\",\"name\":\"Arte Unico y personalizado. Cuadros por encargo\",\"description\":\"Arte Unico y personalizado. Cuadros por encargo\",\"publisher\":{\"@id\":\"https:\\\/\\\/prueba.mayabad.com\\\/#organization\"},\"potentialAction\":[{\"@type\":\"SearchAction\",\"target\":{\"@type\":\"EntryPoint\",\"urlTemplate\":\"https:\\\/\\\/prueba.mayabad.com\\\/?s={search_term_string}\"},\"query-input\":{\"@type\":\"PropertyValueSpecification\",\"valueRequired\":true,\"valueName\":\"search_term_string\"}}],\"inLanguage\":\"es\"},{\"@type\":\"Organization\",\"@id\":\"https:\\\/\\\/prueba.mayabad.com\\\/#organization\",\"name\":\"Arte Unico y personalizado. Cuadros por encargo\",\"url\":\"https:\\\/\\\/prueba.mayabad.com\\\/\",\"logo\":{\"@type\":\"ImageObject\",\"inLanguage\":\"es\",\"@id\":\"https:\\\/\\\/prueba.mayabad.com\\\/#\\\/schema\\\/logo\\\/image\\\/\",\"url\":\"https:\\\/\\\/prueba.mayabad.com\\\/wp-content\\\/uploads\\\/2025\\\/03\\\/Imagen-de-WhatsApp-2025-03-04-a-las-19.33.51_1936e798.jpg\",\"contentUrl\":\"https:\\\/\\\/prueba.mayabad.com\\\/wp-content\\\/uploads\\\/2025\\\/03\\\/Imagen-de-WhatsApp-2025-03-04-a-las-19.33.51_1936e798.jpg\",\"width\":1200,\"height\":628,\"caption\":\"Arte Unico y personalizado. Cuadros por encargo\"},\"image\":{\"@id\":\"https:\\\/\\\/prueba.mayabad.com\\\/#\\\/schema\\\/logo\\\/image\\\/\"}}]}<\/script>\n<!-- \/ Yoast SEO plugin. -->","yoast_head_json":{"title":"Coraz\u00f3n de madera (70 x 30 cms) - Arte Unico y personalizado. Cuadros por encargo","robots":{"index":"index","follow":"follow","max-snippet":"max-snippet:-1","max-image-preview":"max-image-preview:large","max-video-preview":"max-video-preview:-1"},"canonical":"https:\/\/prueba.mayabad.com\/index.php\/producto\/corazon-de-madera-70-x-30-cms\/","og_locale":"es_ES","og_type":"article","og_title":"Coraz\u00f3n de madera (70 x 30 cms) - Arte Unico y personalizado. Cuadros por encargo","og_description":"\"Coraz\u00f3n de Madera\" \u2013 Pintura Abstracta Original de May Abad La calidez del tiempo y la esencia de lo aut\u00e9ntico se reflejan en \"Coraz\u00f3n de Madera\", una obra \u00fanica de la pintora sevillana May Abad. En este lienzo de 70 x 30 cm, los tonos rojizos, cobres y blanco desgastado evocan la belleza de la madera envejecida, con texturas y efectos de desgaste que transmiten historia y profundidad. En el centro de esta composici\u00f3n, un coraz\u00f3n de madera emerge como protagonista, situado en un lugar privilegiado del lienzo. No es solo una figura: es un s\u00edmbolo de fuerza, amor y conexi\u00f3n con lo esencial, cargado de un significado especial por la artista. Las pinceladas trabajadas con t\u00e9cnicas mixtas aportan un acabado artesanal y sensorial, haciendo de esta obra una pieza con alma propia, perfecta para quienes buscan arte con una historia que contar. \u2714\ufe0f Obra \u00fanica y firmada a mano\u2714\ufe0f Certificado de autenticidad incluido\u2714\ufe0f T\u00e9cnica mixta con efectos envejecidos y texturas en relieve\u2714\ufe0f Ideal para espacios con estilo r\u00fastico, bohemio o contempor\u00e1neo \"Coraz\u00f3n de Madera\" es una invitaci\u00f3n a conectar con lo esencial, una pieza cargada de simbolismo y emoci\u00f3n. Solo una unidad disponible. \u2728 D\u00e9jate llevar por la calidez y la historia que encierra esta obra \u00fanica. \u2728","og_url":"https:\/\/prueba.mayabad.com\/index.php\/producto\/corazon-de-madera-70-x-30-cms\/","og_site_name":"Arte Unico y personalizado. Cuadros por encargo","article_modified_time":"2025-02-24T20:32:35+00:00","og_image":[{"width":1440,"height":1440,"url":"https:\/\/prueba.mayabad.com\/wp-content\/uploads\/2025\/02\/Imagen-de-WhatsApp-2025-02-24-a-las-21.26.16_83cd6a7d.jpg","type":"image\/jpeg"}],"twitter_card":"summary_large_image","twitter_misc":{"Tiempo de lectura":"1 minuto"},"schema":{"@context":"https:\/\/schema.org","@graph":[{"@type":"WebPage","@id":"https:\/\/prueba.mayabad.com\/index.php\/producto\/corazon-de-madera-70-x-30-cms\/","url":"https:\/\/prueba.mayabad.com\/index.php\/producto\/corazon-de-madera-70-x-30-cms\/","name":"Coraz\u00f3n de madera (70 x 30 cms) - Arte Unico y personalizado. Cuadros por encargo","isPartOf":{"@id":"https:\/\/prueba.mayabad.com\/#website"},"primaryImageOfPage":{"@id":"https:\/\/prueba.mayabad.com\/index.php\/producto\/corazon-de-madera-70-x-30-cms\/#primaryimage"},"image":{"@id":"https:\/\/prueba.mayabad.com\/index.php\/producto\/corazon-de-madera-70-x-30-cms\/#primaryimage"},"thumbnailUrl":"https:\/\/prueba.mayabad.com\/wp-content\/uploads\/2025\/02\/Imagen-de-WhatsApp-2025-02-24-a-las-21.26.16_83cd6a7d.jpg","datePublished":"2025-02-24T20:27:46+00:00","dateModified":"2025-02-24T20:32:35+00:00","breadcrumb":{"@id":"https:\/\/prueba.mayabad.com\/index.php\/producto\/corazon-de-madera-70-x-30-cms\/#breadcrumb"},"inLanguage":"es","potentialAction":[{"@type":"ReadAction","target":["https:\/\/prueba.mayabad.com\/index.php\/producto\/corazon-de-madera-70-x-30-cms\/"]}]},{"@type":"ImageObject","inLanguage":"es","@id":"https:\/\/prueba.mayabad.com\/index.php\/producto\/corazon-de-madera-70-x-30-cms\/#primaryimage","url":"https:\/\/prueba.mayabad.com\/wp-content\/uploads\/2025\/02\/Imagen-de-WhatsApp-2025-02-24-a-las-21.26.16_83cd6a7d.jpg","contentUrl":"https:\/\/prueba.mayabad.com\/wp-content\/uploads\/2025\/02\/Imagen-de-WhatsApp-2025-02-24-a-las-21.26.16_83cd6a7d.jpg","width":1440,"height":1440},{"@type":"BreadcrumbList","@id":"https:\/\/prueba.mayabad.com\/index.php\/producto\/corazon-de-madera-70-x-30-cms\/#breadcrumb","itemListElement":[{"@type":"ListItem","position":1,"name":"Portada","item":"https:\/\/prueba.mayabad.com\/"},{"@type":"ListItem","position":2,"name":"Tienda","item":"https:\/\/prueba.mayabad.com\/index.php\/tienda\/"},{"@type":"ListItem","position":3,"name":"Coraz\u00f3n de madera (70 x 30 cms)"}]},{"@type":"WebSite","@id":"https:\/\/prueba.mayabad.com\/#website","url":"https:\/\/prueba.mayabad.com\/","name":"Arte Unico y personalizado. Cuadros por encargo","description":"Arte Unico y personalizado. Cuadros por encargo","publisher":{"@id":"https:\/\/prueba.mayabad.com\/#organization"},"potentialAction":[{"@type":"SearchAction","target":{"@type":"EntryPoint","urlTemplate":"https:\/\/prueba.mayabad.com\/?s={search_term_string}"},"query-input":{"@type":"PropertyValueSpecification","valueRequired":true,"valueName":"search_term_string"}}],"inLanguage":"es"},{"@type":"Organization","@id":"https:\/\/prueba.mayabad.com\/#organization","name":"Arte Unico y personalizado. Cuadros por encargo","url":"https:\/\/prueba.mayabad.com\/","logo":{"@type":"ImageObject","inLanguage":"es","@id":"https:\/\/prueba.mayabad.com\/#\/schema\/logo\/image\/","url":"https:\/\/prueba.mayabad.com\/wp-content\/uploads\/2025\/03\/Imagen-de-WhatsApp-2025-03-04-a-las-19.33.51_1936e798.jpg","contentUrl":"https:\/\/prueba.mayabad.com\/wp-content\/uploads\/2025\/03\/Imagen-de-WhatsApp-2025-03-04-a-las-19.33.51_1936e798.jpg","width":1200,"height":628,"caption":"Arte Unico y personalizado. Cuadros por encargo"},"image":{"@id":"https:\/\/prueba.mayabad.com\/#\/schema\/logo\/image\/"}}]}},"_links":{"self":[{"href":"https:\/\/prueba.mayabad.com\/index.php\/wp-json\/wp\/v2\/product\/277","targetHints":{"allow":["GET"]}}],"collection":[{"href":"https:\/\/prueba.mayabad.com\/index.php\/wp-json\/wp\/v2\/product"}],"about":[{"href":"https:\/\/prueba.mayabad.com\/index.php\/wp-json\/wp\/v2\/types\/product"}],"replies":[{"embeddable":true,"href":"https:\/\/prueba.mayabad.com\/index.php\/wp-json\/wp\/v2\/comments?post=277"}],"wp:featuredmedia":[{"embeddable":true,"href":"https:\/\/prueba.mayabad.com\/index.php\/wp-json\/wp\/v2\/media\/278"}],"wp:attachment":[{"href":"https:\/\/prueba.mayabad.com\/index.php\/wp-json\/wp\/v2\/media?parent=277"}],"wp:term":[{"taxonomy":"product_brand","embeddable":true,"href":"https:\/\/prueba.mayabad.com\/index.php\/wp-json\/wp\/v2\/product_brand?post=277"},{"taxonomy":"product_cat","embeddable":true,"href":"https:\/\/prueba.mayabad.com\/index.php\/wp-json\/wp\/v2\/product_cat?post=277"},{"taxonomy":"product_tag","embeddable":true,"href":"https:\/\/prueba.mayabad.com\/index.php\/wp-json\/wp\/v2\/product_tag?post=277"}],"curies":[{"name":"wp","href":"https:\/\/api.w.org\/{rel}","templated":true}]}}