{"id":203,"date":"2025-01-20T17:43:25","date_gmt":"2025-01-20T17:43:25","guid":{"rendered":"https:\/\/prueba.mayabad.com\/?post_type=product&#038;p=203"},"modified":"2025-03-08T12:42:56","modified_gmt":"2025-03-08T12:42:56","slug":"cuadro-con-relieve-exclusivo","status":"publish","type":"product","link":"https:\/\/prueba.mayabad.com\/index.php\/producto\/cuadro-con-relieve-exclusivo\/","title":{"rendered":"Estratos Estructurales I"},"content":{"rendered":"<p>Pintura &#8211; cuadro con relieve.<\/p>\n<p>Lo hago yo, as\u00ed que me puedes encargar el tama\u00f1o que m\u00e1s te guste o te venga bien.<\/p>\n<p>Tambi\u00e9n lo puedo enmarcar como esta o enviarlo sin marco que tambi\u00e9n es tendencia.<\/p>\n<p>35 ancho<\/p>\n<p>45 cm alto<\/p>\n","protected":false},"excerpt":{"rendered":"<p>Pintura &#8211; cuadro con relieve.<\/p>\n<p>&nbsp;<\/p>\n<p>&nbsp;<\/p>\n<p>&nbsp;<\/p>\n<p>Lo hago yo, as\u00ed que me puedes encargar el tama\u00f1o que m\u00e1s te guste o te venga bien.<\/p>\n<p>Tambi\u00e9n lo puedo enmarcar como esta o enviarlo sin marco que tambi\u00e9n es tendencia.<\/p>\n","protected":false},"featured_media":900,"comment_status":"open","ping_status":"closed","template":"","meta":{"_seopress_robots_primary_cat":"none","_seopress_titles_title":"","_seopress_titles_desc":"","_seopress_robots_index":"","_regular_price":["200"],"currency_symbol":[]},"product_brand":[],"product_cat":[21,23],"product_tag":[54],"class_list":{"0":"post-203","1":"product","2":"type-product","3":"status-publish","4":"has-post-thumbnail","6":"product_cat-mis-trabajos-originales","7":"product_cat-texturas","8":"product_tag-vendido","10":"first","11":"instock","12":"shipping-taxable","13":"purchasable","14":"product-type-simple"},"post_slider_layout_featured_media_urls":{"thumbnail":["https:\/\/prueba.mayabad.com\/wp-content\/uploads\/2025\/03\/Imagen-de-WhatsApp-2025-03-07-a-las-13.52.44_36bd8fb8-150x150.jpg",150,150,true],"post_slider_layout_landscape_large":["https:\/\/prueba.mayabad.com\/wp-content\/uploads\/2025\/03\/Imagen-de-WhatsApp-2025-03-07-a-las-13.52.44_36bd8fb8-1200x800.jpg",1200,800,true],"post_slider_layout_portrait_large":["https:\/\/prueba.mayabad.com\/wp-content\/uploads\/2025\/03\/Imagen-de-WhatsApp-2025-03-07-a-las-13.52.44_36bd8fb8-1200x1440.jpg",1200,1440,true],"post_slider_layout_square_large":["https:\/\/prueba.mayabad.com\/wp-content\/uploads\/2025\/03\/Imagen-de-WhatsApp-2025-03-07-a-las-13.52.44_36bd8fb8-1200x1200.jpg",1200,1200,true],"post_slider_layout_landscape":["https:\/\/prueba.mayabad.com\/wp-content\/uploads\/2025\/03\/Imagen-de-WhatsApp-2025-03-07-a-las-13.52.44_36bd8fb8-600x400.jpg",600,400,true],"post_slider_layout_portrait":["https:\/\/prueba.mayabad.com\/wp-content\/uploads\/2025\/03\/Imagen-de-WhatsApp-2025-03-07-a-las-13.52.44_36bd8fb8-600x900.jpg",600,900,true],"post_slider_layout_square":["https:\/\/prueba.mayabad.com\/wp-content\/uploads\/2025\/03\/Imagen-de-WhatsApp-2025-03-07-a-las-13.52.44_36bd8fb8-600x600.jpg",600,600,true],"full":["https:\/\/prueba.mayabad.com\/wp-content\/uploads\/2025\/03\/Imagen-de-WhatsApp-2025-03-07-a-las-13.52.44_36bd8fb8.jpg",1440,1440,false]},"yoast_head":"<!-- This site is optimized with the Yoast SEO plugin v27.4 - https:\/\/yoast.com\/product\/yoast-seo-wordpress\/ -->\n<title>Estratos Estructurales I - Arte Unico y personalizado. Cuadros por encargo<\/title>\n<meta name=\"robots\" content=\"index, follow, max-snippet:-1, max-image-preview:large, max-video-preview:-1\" \/>\n<link rel=\"canonical\" href=\"https:\/\/prueba.mayabad.com\/index.php\/producto\/cuadro-con-relieve-exclusivo\/\" \/>\n<meta property=\"og:locale\" content=\"es_ES\" \/>\n<meta property=\"og:type\" content=\"article\" \/>\n<meta property=\"og:title\" content=\"Estratos Estructurales I - Arte Unico y personalizado. Cuadros por encargo\" \/>\n<meta property=\"og:description\" content=\"Pintura - cuadro con relieve.  &nbsp;  &nbsp;  &nbsp;  Lo hago yo, as\u00ed que me puedes encargar el tama\u00f1o que m\u00e1s te guste o te venga bien.  Tambi\u00e9n lo puedo enmarcar como esta o enviarlo sin marco que tambi\u00e9n es tendencia.\" \/>\n<meta property=\"og:url\" content=\"https:\/\/prueba.mayabad.com\/index.php\/producto\/cuadro-con-relieve-exclusivo\/\" \/>\n<meta property=\"og:site_name\" content=\"Arte Unico y personalizado. Cuadros por encargo\" \/>\n<meta property=\"article:modified_time\" content=\"2025-03-08T12:42:56+00:00\" \/>\n<meta property=\"og:image\" content=\"https:\/\/prueba.mayabad.com\/wp-content\/uploads\/2025\/03\/Imagen-de-WhatsApp-2025-03-07-a-las-13.52.44_36bd8fb8.jpg\" \/>\n\t<meta property=\"og:image:width\" content=\"1440\" \/>\n\t<meta property=\"og:image:height\" content=\"1440\" \/>\n\t<meta property=\"og:image:type\" content=\"image\/jpeg\" \/>\n<meta name=\"twitter:card\" content=\"summary_large_image\" \/>\n<meta name=\"twitter:label1\" content=\"Tiempo de lectura\" \/>\n\t<meta name=\"twitter:data1\" content=\"1 minuto\" \/>\n<script type=\"application\/ld+json\" class=\"yoast-schema-graph\">{\"@context\":\"https:\\\/\\\/schema.org\",\"@graph\":[{\"@type\":\"WebPage\",\"@id\":\"https:\\\/\\\/prueba.mayabad.com\\\/index.php\\\/producto\\\/cuadro-con-relieve-exclusivo\\\/\",\"url\":\"https:\\\/\\\/prueba.mayabad.com\\\/index.php\\\/producto\\\/cuadro-con-relieve-exclusivo\\\/\",\"name\":\"Estratos Estructurales I - Arte Unico y personalizado. Cuadros por encargo\",\"isPartOf\":{\"@id\":\"https:\\\/\\\/prueba.mayabad.com\\\/#website\"},\"primaryImageOfPage\":{\"@id\":\"https:\\\/\\\/prueba.mayabad.com\\\/index.php\\\/producto\\\/cuadro-con-relieve-exclusivo\\\/#primaryimage\"},\"image\":{\"@id\":\"https:\\\/\\\/prueba.mayabad.com\\\/index.php\\\/producto\\\/cuadro-con-relieve-exclusivo\\\/#primaryimage\"},\"thumbnailUrl\":\"https:\\\/\\\/prueba.mayabad.com\\\/wp-content\\\/uploads\\\/2025\\\/03\\\/Imagen-de-WhatsApp-2025-03-07-a-las-13.52.44_36bd8fb8.jpg\",\"datePublished\":\"2025-01-20T17:43:25+00:00\",\"dateModified\":\"2025-03-08T12:42:56+00:00\",\"breadcrumb\":{\"@id\":\"https:\\\/\\\/prueba.mayabad.com\\\/index.php\\\/producto\\\/cuadro-con-relieve-exclusivo\\\/#breadcrumb\"},\"inLanguage\":\"es\",\"potentialAction\":[{\"@type\":\"ReadAction\",\"target\":[\"https:\\\/\\\/prueba.mayabad.com\\\/index.php\\\/producto\\\/cuadro-con-relieve-exclusivo\\\/\"]}]},{\"@type\":\"ImageObject\",\"inLanguage\":\"es\",\"@id\":\"https:\\\/\\\/prueba.mayabad.com\\\/index.php\\\/producto\\\/cuadro-con-relieve-exclusivo\\\/#primaryimage\",\"url\":\"https:\\\/\\\/prueba.mayabad.com\\\/wp-content\\\/uploads\\\/2025\\\/03\\\/Imagen-de-WhatsApp-2025-03-07-a-las-13.52.44_36bd8fb8.jpg\",\"contentUrl\":\"https:\\\/\\\/prueba.mayabad.com\\\/wp-content\\\/uploads\\\/2025\\\/03\\\/Imagen-de-WhatsApp-2025-03-07-a-las-13.52.44_36bd8fb8.jpg\",\"width\":1440,\"height\":1440},{\"@type\":\"BreadcrumbList\",\"@id\":\"https:\\\/\\\/prueba.mayabad.com\\\/index.php\\\/producto\\\/cuadro-con-relieve-exclusivo\\\/#breadcrumb\",\"itemListElement\":[{\"@type\":\"ListItem\",\"position\":1,\"name\":\"Portada\",\"item\":\"https:\\\/\\\/prueba.mayabad.com\\\/\"},{\"@type\":\"ListItem\",\"position\":2,\"name\":\"Tienda\",\"item\":\"https:\\\/\\\/prueba.mayabad.com\\\/index.php\\\/tienda\\\/\"},{\"@type\":\"ListItem\",\"position\":3,\"name\":\"Estratos Estructurales I\"}]},{\"@type\":\"WebSite\",\"@id\":\"https:\\\/\\\/prueba.mayabad.com\\\/#website\",\"url\":\"https:\\\/\\\/prueba.mayabad.com\\\/\",\"name\":\"Arte Unico y personalizado. Cuadros por encargo\",\"description\":\"Arte Unico y personalizado. Cuadros por encargo\",\"publisher\":{\"@id\":\"https:\\\/\\\/prueba.mayabad.com\\\/#organization\"},\"potentialAction\":[{\"@type\":\"SearchAction\",\"target\":{\"@type\":\"EntryPoint\",\"urlTemplate\":\"https:\\\/\\\/prueba.mayabad.com\\\/?s={search_term_string}\"},\"query-input\":{\"@type\":\"PropertyValueSpecification\",\"valueRequired\":true,\"valueName\":\"search_term_string\"}}],\"inLanguage\":\"es\"},{\"@type\":\"Organization\",\"@id\":\"https:\\\/\\\/prueba.mayabad.com\\\/#organization\",\"name\":\"Arte Unico y personalizado. Cuadros por encargo\",\"url\":\"https:\\\/\\\/prueba.mayabad.com\\\/\",\"logo\":{\"@type\":\"ImageObject\",\"inLanguage\":\"es\",\"@id\":\"https:\\\/\\\/prueba.mayabad.com\\\/#\\\/schema\\\/logo\\\/image\\\/\",\"url\":\"https:\\\/\\\/prueba.mayabad.com\\\/wp-content\\\/uploads\\\/2025\\\/03\\\/Imagen-de-WhatsApp-2025-03-04-a-las-19.33.51_1936e798.jpg\",\"contentUrl\":\"https:\\\/\\\/prueba.mayabad.com\\\/wp-content\\\/uploads\\\/2025\\\/03\\\/Imagen-de-WhatsApp-2025-03-04-a-las-19.33.51_1936e798.jpg\",\"width\":1200,\"height\":628,\"caption\":\"Arte Unico y personalizado. Cuadros por encargo\"},\"image\":{\"@id\":\"https:\\\/\\\/prueba.mayabad.com\\\/#\\\/schema\\\/logo\\\/image\\\/\"}}]}<\/script>\n<!-- \/ Yoast SEO plugin. -->","yoast_head_json":{"title":"Estratos Estructurales I - Arte Unico y personalizado. Cuadros por encargo","robots":{"index":"index","follow":"follow","max-snippet":"max-snippet:-1","max-image-preview":"max-image-preview:large","max-video-preview":"max-video-preview:-1"},"canonical":"https:\/\/prueba.mayabad.com\/index.php\/producto\/cuadro-con-relieve-exclusivo\/","og_locale":"es_ES","og_type":"article","og_title":"Estratos Estructurales I - Arte Unico y personalizado. Cuadros por encargo","og_description":"Pintura - cuadro con relieve.  &nbsp;  &nbsp;  &nbsp;  Lo hago yo, as\u00ed que me puedes encargar el tama\u00f1o que m\u00e1s te guste o te venga bien.  Tambi\u00e9n lo puedo enmarcar como esta o enviarlo sin marco que tambi\u00e9n es tendencia.","og_url":"https:\/\/prueba.mayabad.com\/index.php\/producto\/cuadro-con-relieve-exclusivo\/","og_site_name":"Arte Unico y personalizado. Cuadros por encargo","article_modified_time":"2025-03-08T12:42:56+00:00","og_image":[{"width":1440,"height":1440,"url":"https:\/\/prueba.mayabad.com\/wp-content\/uploads\/2025\/03\/Imagen-de-WhatsApp-2025-03-07-a-las-13.52.44_36bd8fb8.jpg","type":"image\/jpeg"}],"twitter_card":"summary_large_image","twitter_misc":{"Tiempo de lectura":"1 minuto"},"schema":{"@context":"https:\/\/schema.org","@graph":[{"@type":"WebPage","@id":"https:\/\/prueba.mayabad.com\/index.php\/producto\/cuadro-con-relieve-exclusivo\/","url":"https:\/\/prueba.mayabad.com\/index.php\/producto\/cuadro-con-relieve-exclusivo\/","name":"Estratos Estructurales I - Arte Unico y personalizado. Cuadros por encargo","isPartOf":{"@id":"https:\/\/prueba.mayabad.com\/#website"},"primaryImageOfPage":{"@id":"https:\/\/prueba.mayabad.com\/index.php\/producto\/cuadro-con-relieve-exclusivo\/#primaryimage"},"image":{"@id":"https:\/\/prueba.mayabad.com\/index.php\/producto\/cuadro-con-relieve-exclusivo\/#primaryimage"},"thumbnailUrl":"https:\/\/prueba.mayabad.com\/wp-content\/uploads\/2025\/03\/Imagen-de-WhatsApp-2025-03-07-a-las-13.52.44_36bd8fb8.jpg","datePublished":"2025-01-20T17:43:25+00:00","dateModified":"2025-03-08T12:42:56+00:00","breadcrumb":{"@id":"https:\/\/prueba.mayabad.com\/index.php\/producto\/cuadro-con-relieve-exclusivo\/#breadcrumb"},"inLanguage":"es","potentialAction":[{"@type":"ReadAction","target":["https:\/\/prueba.mayabad.com\/index.php\/producto\/cuadro-con-relieve-exclusivo\/"]}]},{"@type":"ImageObject","inLanguage":"es","@id":"https:\/\/prueba.mayabad.com\/index.php\/producto\/cuadro-con-relieve-exclusivo\/#primaryimage","url":"https:\/\/prueba.mayabad.com\/wp-content\/uploads\/2025\/03\/Imagen-de-WhatsApp-2025-03-07-a-las-13.52.44_36bd8fb8.jpg","contentUrl":"https:\/\/prueba.mayabad.com\/wp-content\/uploads\/2025\/03\/Imagen-de-WhatsApp-2025-03-07-a-las-13.52.44_36bd8fb8.jpg","width":1440,"height":1440},{"@type":"BreadcrumbList","@id":"https:\/\/prueba.mayabad.com\/index.php\/producto\/cuadro-con-relieve-exclusivo\/#breadcrumb","itemListElement":[{"@type":"ListItem","position":1,"name":"Portada","item":"https:\/\/prueba.mayabad.com\/"},{"@type":"ListItem","position":2,"name":"Tienda","item":"https:\/\/prueba.mayabad.com\/index.php\/tienda\/"},{"@type":"ListItem","position":3,"name":"Estratos Estructurales I"}]},{"@type":"WebSite","@id":"https:\/\/prueba.mayabad.com\/#website","url":"https:\/\/prueba.mayabad.com\/","name":"Arte Unico y personalizado. Cuadros por encargo","description":"Arte Unico y personalizado. Cuadros por encargo","publisher":{"@id":"https:\/\/prueba.mayabad.com\/#organization"},"potentialAction":[{"@type":"SearchAction","target":{"@type":"EntryPoint","urlTemplate":"https:\/\/prueba.mayabad.com\/?s={search_term_string}"},"query-input":{"@type":"PropertyValueSpecification","valueRequired":true,"valueName":"search_term_string"}}],"inLanguage":"es"},{"@type":"Organization","@id":"https:\/\/prueba.mayabad.com\/#organization","name":"Arte Unico y personalizado. Cuadros por encargo","url":"https:\/\/prueba.mayabad.com\/","logo":{"@type":"ImageObject","inLanguage":"es","@id":"https:\/\/prueba.mayabad.com\/#\/schema\/logo\/image\/","url":"https:\/\/prueba.mayabad.com\/wp-content\/uploads\/2025\/03\/Imagen-de-WhatsApp-2025-03-04-a-las-19.33.51_1936e798.jpg","contentUrl":"https:\/\/prueba.mayabad.com\/wp-content\/uploads\/2025\/03\/Imagen-de-WhatsApp-2025-03-04-a-las-19.33.51_1936e798.jpg","width":1200,"height":628,"caption":"Arte Unico y personalizado. Cuadros por encargo"},"image":{"@id":"https:\/\/prueba.mayabad.com\/#\/schema\/logo\/image\/"}}]}},"_links":{"self":[{"href":"https:\/\/prueba.mayabad.com\/index.php\/wp-json\/wp\/v2\/product\/203","targetHints":{"allow":["GET"]}}],"collection":[{"href":"https:\/\/prueba.mayabad.com\/index.php\/wp-json\/wp\/v2\/product"}],"about":[{"href":"https:\/\/prueba.mayabad.com\/index.php\/wp-json\/wp\/v2\/types\/product"}],"replies":[{"embeddable":true,"href":"https:\/\/prueba.mayabad.com\/index.php\/wp-json\/wp\/v2\/comments?post=203"}],"wp:featuredmedia":[{"embeddable":true,"href":"https:\/\/prueba.mayabad.com\/index.php\/wp-json\/wp\/v2\/media\/900"}],"wp:attachment":[{"href":"https:\/\/prueba.mayabad.com\/index.php\/wp-json\/wp\/v2\/media?parent=203"}],"wp:term":[{"taxonomy":"product_brand","embeddable":true,"href":"https:\/\/prueba.mayabad.com\/index.php\/wp-json\/wp\/v2\/product_brand?post=203"},{"taxonomy":"product_cat","embeddable":true,"href":"https:\/\/prueba.mayabad.com\/index.php\/wp-json\/wp\/v2\/product_cat?post=203"},{"taxonomy":"product_tag","embeddable":true,"href":"https:\/\/prueba.mayabad.com\/index.php\/wp-json\/wp\/v2\/product_tag?post=203"}],"curies":[{"name":"wp","href":"https:\/\/api.w.org\/{rel}","templated":true}]}}