{"id":648,"date":"2025-03-04T21:24:28","date_gmt":"2025-03-04T21:24:28","guid":{"rendered":"https:\/\/prueba.mayabad.com\/?page_id=648"},"modified":"2025-03-04T21:24:29","modified_gmt":"2025-03-04T21:24:29","slug":"faq-respuestas-a-las-preguntas-mas-frecuentes","status":"publish","type":"page","link":"https:\/\/prueba.mayabad.com\/index.php\/faq-respuestas-a-las-preguntas-mas-frecuentes\/","title":{"rendered":"FAQ &#8211; Respuestas a las preguntas m\u00e1s frecuentes"},"content":{"rendered":"\n<blockquote class=\"wp-block-quote is-layout-flow wp-block-quote-is-layout-flow\">\n<p><\/p>\n\n\n\n<blockquote class=\"wp-block-quote is-layout-flow wp-block-quote-is-layout-flow\">\n<p>\u00bfHay copias de las obras de esta tienda?<\/p>\n<\/blockquote>\n<\/blockquote>\n\n\n\n<p>No, todas las obras aqu\u00ed expuestas son cuadros originales de May Abad.<\/p>\n\n\n\n<p><\/p>\n\n\n\n<p><\/p>\n\n\n\n<blockquote class=\"wp-block-quote is-layout-flow wp-block-quote-is-layout-flow\">\n<p>\u00bfOfrece May Abad tambi\u00e9n cuadros de otros artistas?<\/p>\n<\/blockquote>\n\n\n\n<p>No. La p\u00e1gina de inicio es la presencia personal en Internet de May Abad y s\u00f3lo se presentan sus propias obras. May Abad trabaja por cuenta propia y no vende cuadros de otros artistas.<\/p>\n\n\n\n<p><\/p>\n\n\n\n<p><\/p>\n\n\n\n<blockquote class=\"wp-block-quote is-layout-flow wp-block-quote-is-layout-flow\">\n<p>La obra que quer\u00eda comprar ya se ha vendido. \u00bfPuedo encargar una similar?<\/p>\n<\/blockquote>\n\n\n\n<p>La artista tambi\u00e9n hace obras por encargo. As\u00ed que no dude en ponerse en contacto con ella para que le pinte un cuadro similar con un 80% de parecido. Para m\u00e1s informaci\u00f3n, consulte Cuadros por encargo.<\/p>\n\n\n\n<p><\/p>\n\n\n\n<p><\/p>\n\n\n\n<blockquote class=\"wp-block-quote is-layout-flow wp-block-quote-is-layout-flow\">\n<p>\u00bfHay alg\u00fan problema durante el proceso de compra?<\/p>\n<\/blockquote>\n\n\n\n<p>No dude en ponerse en contacto con la artista si tiene preguntas sobre el pago, la entrega u otras cuestiones. pinturas@mayarts.com<\/p>\n\n\n\n<p><\/p>\n\n\n\n<blockquote class=\"wp-block-quote is-layout-flow wp-block-quote-is-layout-flow\">\n<p>No me gusta la obra en la pared, \u00bfqu\u00e9 hago?<\/p>\n<\/blockquote>\n\n\n\n<p>Para minimizar este problema, ofrecemos\u00a0el montaje gratuito de las fotos. Aproveche esta oferta antes de comprar.<\/p>\n\n\n\n<p><\/p>\n\n\n\n<p><\/p>\n","protected":false},"excerpt":{"rendered":"<p>No, todas las obras aqu\u00ed expuestas son cuadros originales de May Abad. \u00bfOfrece May Abad tambi\u00e9n cuadros de otros artistas? No. La p\u00e1gina de inicio es la presencia personal en&hellip;<\/p>\n","protected":false},"author":1,"featured_media":0,"parent":0,"menu_order":0,"comment_status":"closed","ping_status":"closed","template":"","meta":{"_seopress_robots_primary_cat":"","_seopress_titles_title":"","_seopress_titles_desc":"","_seopress_robots_index":"","_regular_price":[],"currency_symbol":[],"footnotes":""},"class_list":["post-648","page","type-page","status-publish","hentry"],"post_slider_layout_featured_media_urls":{"thumbnail":"","post_slider_layout_landscape_large":"","post_slider_layout_portrait_large":"","post_slider_layout_square_large":"","post_slider_layout_landscape":"","post_slider_layout_portrait":"","post_slider_layout_square":"","full":""},"featured_image_src":null,"yoast_head":"<!-- This site is optimized with the Yoast SEO plugin v27.4 - https:\/\/yoast.com\/product\/yoast-seo-wordpress\/ -->\n<title>FAQ - Respuestas a las preguntas m\u00e1s frecuentes - Arte Unico y personalizado. Cuadros por encargo<\/title>\n<meta name=\"robots\" content=\"index, follow, max-snippet:-1, max-image-preview:large, max-video-preview:-1\" \/>\n<link rel=\"canonical\" href=\"https:\/\/prueba.mayabad.com\/index.php\/faq-respuestas-a-las-preguntas-mas-frecuentes\/\" \/>\n<meta property=\"og:locale\" content=\"es_ES\" \/>\n<meta property=\"og:type\" content=\"article\" \/>\n<meta property=\"og:title\" content=\"FAQ - Respuestas a las preguntas m\u00e1s frecuentes - Arte Unico y personalizado. Cuadros por encargo\" \/>\n<meta property=\"og:description\" content=\"No, todas las obras aqu\u00ed expuestas son cuadros originales de May Abad. \u00bfOfrece May Abad tambi\u00e9n cuadros de otros artistas? No. La p\u00e1gina de inicio es la presencia personal en&hellip;\" \/>\n<meta property=\"og:url\" content=\"https:\/\/prueba.mayabad.com\/index.php\/faq-respuestas-a-las-preguntas-mas-frecuentes\/\" \/>\n<meta property=\"og:site_name\" content=\"Arte Unico y personalizado. Cuadros por encargo\" \/>\n<meta property=\"article:modified_time\" content=\"2025-03-04T21:24:29+00:00\" \/>\n<meta name=\"twitter:card\" content=\"summary_large_image\" \/>\n<meta name=\"twitter:label1\" content=\"Tiempo de lectura\" \/>\n\t<meta name=\"twitter:data1\" content=\"1 minuto\" \/>\n<script type=\"application\/ld+json\" class=\"yoast-schema-graph\">{\"@context\":\"https:\\\/\\\/schema.org\",\"@graph\":[{\"@type\":\"WebPage\",\"@id\":\"https:\\\/\\\/prueba.mayabad.com\\\/index.php\\\/faq-respuestas-a-las-preguntas-mas-frecuentes\\\/\",\"url\":\"https:\\\/\\\/prueba.mayabad.com\\\/index.php\\\/faq-respuestas-a-las-preguntas-mas-frecuentes\\\/\",\"name\":\"FAQ - Respuestas a las preguntas m\u00e1s frecuentes - Arte Unico y personalizado. Cuadros por encargo\",\"isPartOf\":{\"@id\":\"https:\\\/\\\/prueba.mayabad.com\\\/#website\"},\"datePublished\":\"2025-03-04T21:24:28+00:00\",\"dateModified\":\"2025-03-04T21:24:29+00:00\",\"breadcrumb\":{\"@id\":\"https:\\\/\\\/prueba.mayabad.com\\\/index.php\\\/faq-respuestas-a-las-preguntas-mas-frecuentes\\\/#breadcrumb\"},\"inLanguage\":\"es\",\"potentialAction\":[{\"@type\":\"ReadAction\",\"target\":[\"https:\\\/\\\/prueba.mayabad.com\\\/index.php\\\/faq-respuestas-a-las-preguntas-mas-frecuentes\\\/\"]}]},{\"@type\":\"BreadcrumbList\",\"@id\":\"https:\\\/\\\/prueba.mayabad.com\\\/index.php\\\/faq-respuestas-a-las-preguntas-mas-frecuentes\\\/#breadcrumb\",\"itemListElement\":[{\"@type\":\"ListItem\",\"position\":1,\"name\":\"Portada\",\"item\":\"https:\\\/\\\/prueba.mayabad.com\\\/\"},{\"@type\":\"ListItem\",\"position\":2,\"name\":\"FAQ &#8211; Respuestas a las preguntas m\u00e1s frecuentes\"}]},{\"@type\":\"WebSite\",\"@id\":\"https:\\\/\\\/prueba.mayabad.com\\\/#website\",\"url\":\"https:\\\/\\\/prueba.mayabad.com\\\/\",\"name\":\"Arte Unico y personalizado. Cuadros por encargo\",\"description\":\"Arte Unico y personalizado. Cuadros por encargo\",\"publisher\":{\"@id\":\"https:\\\/\\\/prueba.mayabad.com\\\/#organization\"},\"potentialAction\":[{\"@type\":\"SearchAction\",\"target\":{\"@type\":\"EntryPoint\",\"urlTemplate\":\"https:\\\/\\\/prueba.mayabad.com\\\/?s={search_term_string}\"},\"query-input\":{\"@type\":\"PropertyValueSpecification\",\"valueRequired\":true,\"valueName\":\"search_term_string\"}}],\"inLanguage\":\"es\"},{\"@type\":\"Organization\",\"@id\":\"https:\\\/\\\/prueba.mayabad.com\\\/#organization\",\"name\":\"Arte Unico y personalizado. Cuadros por encargo\",\"url\":\"https:\\\/\\\/prueba.mayabad.com\\\/\",\"logo\":{\"@type\":\"ImageObject\",\"inLanguage\":\"es\",\"@id\":\"https:\\\/\\\/prueba.mayabad.com\\\/#\\\/schema\\\/logo\\\/image\\\/\",\"url\":\"https:\\\/\\\/prueba.mayabad.com\\\/wp-content\\\/uploads\\\/2025\\\/03\\\/Imagen-de-WhatsApp-2025-03-04-a-las-19.33.51_1936e798.jpg\",\"contentUrl\":\"https:\\\/\\\/prueba.mayabad.com\\\/wp-content\\\/uploads\\\/2025\\\/03\\\/Imagen-de-WhatsApp-2025-03-04-a-las-19.33.51_1936e798.jpg\",\"width\":1200,\"height\":628,\"caption\":\"Arte Unico y personalizado. Cuadros por encargo\"},\"image\":{\"@id\":\"https:\\\/\\\/prueba.mayabad.com\\\/#\\\/schema\\\/logo\\\/image\\\/\"}}]}<\/script>\n<!-- \/ Yoast SEO plugin. -->","yoast_head_json":{"title":"FAQ - Respuestas a las preguntas m\u00e1s frecuentes - Arte Unico y personalizado. Cuadros por encargo","robots":{"index":"index","follow":"follow","max-snippet":"max-snippet:-1","max-image-preview":"max-image-preview:large","max-video-preview":"max-video-preview:-1"},"canonical":"https:\/\/prueba.mayabad.com\/index.php\/faq-respuestas-a-las-preguntas-mas-frecuentes\/","og_locale":"es_ES","og_type":"article","og_title":"FAQ - Respuestas a las preguntas m\u00e1s frecuentes - Arte Unico y personalizado. Cuadros por encargo","og_description":"No, todas las obras aqu\u00ed expuestas son cuadros originales de May Abad. \u00bfOfrece May Abad tambi\u00e9n cuadros de otros artistas? No. La p\u00e1gina de inicio es la presencia personal en&hellip;","og_url":"https:\/\/prueba.mayabad.com\/index.php\/faq-respuestas-a-las-preguntas-mas-frecuentes\/","og_site_name":"Arte Unico y personalizado. Cuadros por encargo","article_modified_time":"2025-03-04T21:24:29+00:00","twitter_card":"summary_large_image","twitter_misc":{"Tiempo de lectura":"1 minuto"},"schema":{"@context":"https:\/\/schema.org","@graph":[{"@type":"WebPage","@id":"https:\/\/prueba.mayabad.com\/index.php\/faq-respuestas-a-las-preguntas-mas-frecuentes\/","url":"https:\/\/prueba.mayabad.com\/index.php\/faq-respuestas-a-las-preguntas-mas-frecuentes\/","name":"FAQ - Respuestas a las preguntas m\u00e1s frecuentes - Arte Unico y personalizado. Cuadros por encargo","isPartOf":{"@id":"https:\/\/prueba.mayabad.com\/#website"},"datePublished":"2025-03-04T21:24:28+00:00","dateModified":"2025-03-04T21:24:29+00:00","breadcrumb":{"@id":"https:\/\/prueba.mayabad.com\/index.php\/faq-respuestas-a-las-preguntas-mas-frecuentes\/#breadcrumb"},"inLanguage":"es","potentialAction":[{"@type":"ReadAction","target":["https:\/\/prueba.mayabad.com\/index.php\/faq-respuestas-a-las-preguntas-mas-frecuentes\/"]}]},{"@type":"BreadcrumbList","@id":"https:\/\/prueba.mayabad.com\/index.php\/faq-respuestas-a-las-preguntas-mas-frecuentes\/#breadcrumb","itemListElement":[{"@type":"ListItem","position":1,"name":"Portada","item":"https:\/\/prueba.mayabad.com\/"},{"@type":"ListItem","position":2,"name":"FAQ &#8211; Respuestas a las preguntas m\u00e1s frecuentes"}]},{"@type":"WebSite","@id":"https:\/\/prueba.mayabad.com\/#website","url":"https:\/\/prueba.mayabad.com\/","name":"Arte Unico y personalizado. Cuadros por encargo","description":"Arte Unico y personalizado. Cuadros por encargo","publisher":{"@id":"https:\/\/prueba.mayabad.com\/#organization"},"potentialAction":[{"@type":"SearchAction","target":{"@type":"EntryPoint","urlTemplate":"https:\/\/prueba.mayabad.com\/?s={search_term_string}"},"query-input":{"@type":"PropertyValueSpecification","valueRequired":true,"valueName":"search_term_string"}}],"inLanguage":"es"},{"@type":"Organization","@id":"https:\/\/prueba.mayabad.com\/#organization","name":"Arte Unico y personalizado. Cuadros por encargo","url":"https:\/\/prueba.mayabad.com\/","logo":{"@type":"ImageObject","inLanguage":"es","@id":"https:\/\/prueba.mayabad.com\/#\/schema\/logo\/image\/","url":"https:\/\/prueba.mayabad.com\/wp-content\/uploads\/2025\/03\/Imagen-de-WhatsApp-2025-03-04-a-las-19.33.51_1936e798.jpg","contentUrl":"https:\/\/prueba.mayabad.com\/wp-content\/uploads\/2025\/03\/Imagen-de-WhatsApp-2025-03-04-a-las-19.33.51_1936e798.jpg","width":1200,"height":628,"caption":"Arte Unico y personalizado. Cuadros por encargo"},"image":{"@id":"https:\/\/prueba.mayabad.com\/#\/schema\/logo\/image\/"}}]}},"_links":{"self":[{"href":"https:\/\/prueba.mayabad.com\/index.php\/wp-json\/wp\/v2\/pages\/648","targetHints":{"allow":["GET"]}}],"collection":[{"href":"https:\/\/prueba.mayabad.com\/index.php\/wp-json\/wp\/v2\/pages"}],"about":[{"href":"https:\/\/prueba.mayabad.com\/index.php\/wp-json\/wp\/v2\/types\/page"}],"author":[{"embeddable":true,"href":"https:\/\/prueba.mayabad.com\/index.php\/wp-json\/wp\/v2\/users\/1"}],"replies":[{"embeddable":true,"href":"https:\/\/prueba.mayabad.com\/index.php\/wp-json\/wp\/v2\/comments?post=648"}],"version-history":[{"count":1,"href":"https:\/\/prueba.mayabad.com\/index.php\/wp-json\/wp\/v2\/pages\/648\/revisions"}],"predecessor-version":[{"id":650,"href":"https:\/\/prueba.mayabad.com\/index.php\/wp-json\/wp\/v2\/pages\/648\/revisions\/650"}],"wp:attachment":[{"href":"https:\/\/prueba.mayabad.com\/index.php\/wp-json\/wp\/v2\/media?parent=648"}],"curies":[{"name":"wp","href":"https:\/\/api.w.org\/{rel}","templated":true}]}}