{"id":634,"date":"2025-03-04T21:00:25","date_gmt":"2025-03-04T21:00:25","guid":{"rendered":"https:\/\/prueba.mayabad.com\/?page_id=634"},"modified":"2025-03-04T21:04:08","modified_gmt":"2025-03-04T21:04:08","slug":"politica-de-privacidad","status":"publish","type":"page","link":"https:\/\/prueba.mayabad.com\/index.php\/politica-de-privacidad\/","title":{"rendered":"Pol\u00edtica de Privacidad"},"content":{"rendered":"\n<h2 class=\"wp-block-heading\"><strong>Titular del sitio web y responsable del tratamiento<\/strong><\/h2>\n\n\n\n<p>En cumplimiento del art\u00edculo 10 de la Ley 34\/2002, de 11 de julio, de Servicios de la Sociedad de la Informaci\u00f3n y Comercio Electr\u00f3nico, se hace constar:<\/p>\n\n\n\n<p><\/p>\n\n\n\n<p>\u00bfQui\u00e9n es el responsable del tratamiento de tus datos?<\/p>\n\n\n\n<p><\/p>\n\n\n\n<p>Nombre: Carmen Garcia-Abad (en adelante\u00a0<strong>May Abad<\/strong>)<\/p>\n\n\n\n<p><\/p>\n\n\n\n<p>NIF: 15391772-B<\/p>\n\n\n\n<p>Domicilio:Avenida de Espa\u00f1a, 48 local 6 de Dos Hermanas 41702 de Sevilla<\/p>\n\n\n\n<p><\/p>\n\n\n\n<p>Mail:\u00a0pinturas@mayabad.com\u00a0<\/p>\n\n\n\n<p><\/p>\n\n\n\n<p>Web: www.mayarts.com<\/p>\n\n\n\n<p><\/p>\n\n\n\n<p>Puede contactar con nosotros en cualquiera de las direcciones facilitadas anteriormente.<\/p>\n\n\n\n<h2 class=\"wp-block-heading\"><strong>Protecci\u00f3n de datos de car\u00e1cter personal<\/strong><\/h2>\n\n\n\n<p><strong>Derechos de Protecci\u00f3n de Datos<\/strong><\/p>\n\n\n\n<p>Derechos de los usuarios:<\/p>\n\n\n\n<ul class=\"wp-block-list\">\n<li>Derecho de Acceso a los datos personales, a consultar si\u00a0<strong><strong>May Abad<\/strong><\/strong>\u00a0est\u00e1 tratando sus datos.<\/li>\n\n\n\n<li>Derecho de Rectificaci\u00f3n, si los datos fueran incorrectos.<\/li>\n\n\n\n<li>Derecho de Cancelaci\u00f3n o Supresi\u00f3n y vinculado a estos, el derecho al olvido, en cuyo caso los datos \u00fanicamente ser\u00e1n conservados para la formulaci\u00f3n, el ejercicio o la defensa de reclamaciones.<\/li>\n\n\n\n<li>Derecho a Oponerse al tratamiento:\u00a0<strong><strong>May Abad<\/strong><\/strong>\u00a0dejar\u00e1 de tratar los datos en la forma que usted indique, salvo que por motivos leg\u00edtimos se tengan que seguir tratando.<\/li>\n\n\n\n<li>Derecho a la limitaci\u00f3n del tratamiento, no aplicando a los datos las operaciones de tratamiento que en cada caso corresponder\u00edan mientras el responsable determina si procede atender a otras solicitudes.<\/li>\n\n\n\n<li>Derecho a la portabilidad de los datos: tiene derecho a recibir los datos personales que le afectan que haya facilitado a\u00a0<strong>May Abad<\/strong> en un formato estructurado, de uso com\u00fan y de lectura mec\u00e1nica, y solicitar la transmisi\u00f3n a otro responsable cuando sea t\u00e9cnicamente posible.<\/li>\n<\/ul>\n\n\n\n<p><\/p>\n\n\n\n<p><strong>C\u00f3mo ejercitar los derechos:<\/strong>\u00a0Los interesados pueden ejercer sus derechos mediante una comunicaci\u00f3n escrita al domicilio fiscal de\u00a0<strong><strong>May Abad<\/strong><\/strong>\u00a0o a la direcci\u00f3n de correo electr\u00f3nico:\u00a0pinturas@mayabad.com<a href=\"mailto:info@dyacodeprojects.com\"><\/a>\u00a0, incluyendo una fotocopia de su DNI o documentaci\u00f3n oficial que acredite su identidad.<\/p>\n\n\n\n<p><strong>Posibilidad de retirar el consentimiento:<\/strong>&nbsp;en el caso de que se haya otorgado el consentimiento para alguna finalidad espec\u00edfica, usted tiene derecho a retirar el consentimiento en cualquier momento, sin que ello afecte a la licitud del tratamiento basado en el consentimiento previo a su retirada.<\/p>\n\n\n\n<p><strong>Autoridad de Control:<\/strong>\u00a0Si un usuario considera que hay un problema con la forma en que\u00a0<strong>May Abad<\/strong>\u00a0est\u00e1 manejando sus datos, puede dirigir sus reclamaciones a la\u00a0<a href=\"https:\/\/www.agpd.es\/\">Agencia Espa\u00f1ola de Protecci\u00f3n de Datos<\/a>.<\/p>\n\n\n\n<figure class=\"wp-block-table\"><table class=\"has-fixed-layout\"><tbody><tr><td>Tratamiento de operaciones de requerimientos de deuda por terceros sobre proveedores<\/td><td>Obligaci\u00f3n legal<\/td><\/tr><tr><td>Tratamiento de gesti\u00f3n de operaciones con contactos \u2013 usuarios web<\/td><td>Consentimiento libre e inequ\u00edvoco del propio interesado<\/td><\/tr><tr><td>Tratamiento de curriculums y ofertas de empleo<\/td><td>El candidato autoriza a\u00a0<strong><strong>May Abad<\/strong><\/strong>\u00a0a tratar los documentos que le remita, todo el contenido que sea directamente accesible a trav\u00e9s de los buscadores de Internet, los perfiles que mantenga en redes sociales profesionales, los datos obtenidos en las pruebas de valoraci\u00f3n y la informaci\u00f3n que proporcione en la entrevista de trabajo, con el objetivo de valorar su candidatura<\/td><\/tr><\/tbody><\/table><\/figure>\n\n\n\n<h2 class=\"wp-block-heading\"><strong>Conservaci\u00f3n de los datos<\/strong><\/h2>\n\n\n\n<p><strong>Datos de los Clientes:<\/strong>&nbsp;variar\u00e1 en funci\u00f3n del servicio que el cliente contrate.<\/p>\n\n\n\n<ul class=\"wp-block-list\">\n<li>4 a\u00f1os: Ley sobre Infracciones y Sanciones en el Orden Social (obligaciones en materia de afiliaci\u00f3n, altas, bajas, cotizaci\u00f3n, pago de salarios\u2026); Arts. 66 y sig. Ley General Tributaria (libros de contabilidad\u2026);<\/li>\n\n\n\n<li>5 a\u00f1os: Art. 1964 C\u00f3digo Civil (acciones personales sin plazo especial).<\/li>\n\n\n\n<li>6 a\u00f1os: Art. 30 C\u00f3digo de Comercio (libros de contabilidad, facturas, etc.)<\/li>\n\n\n\n<li>10 a\u00f1os: Art. 25 Ley de Prevenci\u00f3n del Blanqueo de Capitales y Financiaci\u00f3n del Terrorismo.<\/li>\n<\/ul>\n\n\n\n<p><strong>Datos en perfiles de redes sociales<\/strong>: Hasta que el usuario retira el permiso para ello.<\/p>\n\n\n\n<p><strong>Datos de los candidatos a pr\u00e1cticas o a puestos de empleo:&nbsp;<\/strong>Hasta seis meses desde su recepci\u00f3n, incluso finalizada la selecci\u00f3n, siempre y cuando no se indique lo contrario por parte del candidato.<\/p>\n\n\n\n<h2 class=\"wp-block-heading\"><strong>Finalidades y legitimidad<\/strong><\/h2>\n\n\n\n<p>Seg\u00fan tipo de tratamiento de datos le resumimos en continuaci\u00f3n la base de legitimaci\u00f3n de dicho tratamiento:<\/p>\n\n\n\n<figure class=\"wp-block-table\"><table class=\"has-fixed-layout\"><tbody><tr><td><strong>TRATAMIENTO<\/strong><\/td><td><strong>BASE DE LEGITIMACI\u00d3N<\/strong><\/td><\/tr><tr><td>Gesti\u00f3n Contable y fiscal:&nbsp;gesti\u00f3n de facturaci\u00f3n, obligaciones fiscales, bonificaciones, etc\u2026 de los clientes y\/o proveedores de la empresa<\/td><td>Mantenimiento, desarrollo y control de la relaci\u00f3n contractual entre las partes. Cumplimiento de las obligaciones legales.<\/td><\/tr><tr><td>Gesti\u00f3n administrativa:&nbsp;gesti\u00f3n de log\u00edstica, almac\u00e9n, entregas al cliente, recepci\u00f3n de mercanc\u00edas, etc.<\/td><td>Mantenimiento, desarrollo y control de la relaci\u00f3n contractual entre las partes<\/td><\/tr><tr><td>Marketing:&nbsp;Acciones comerciales sobre nuestros productos o servicios dirigidas a nuestros clientes o aquellas personas que nos han solicitado informaci\u00f3n relativa en el pasado incluyendo la realizaci\u00f3n de encuestas de satisfacci\u00f3n a nuestros clientes.<\/td><td>Consentimiento libre e inequ\u00edvoco del propio interesado (clientes potenciales), le hacemos constar que la retirada de este consentimiento en ning\u00fan caso puede condicionar la ejecuci\u00f3n del contrato que hubiera entre las partes; Inter\u00e9s leg\u00edtimo de la compa\u00f1\u00eda sobre la promoci\u00f3n y comercializaci\u00f3n de productos o servicios similares a los obtenidos o solicitados por las personas interesadas en el pasado.<\/td><\/tr><tr><td>Tratamiento de gesti\u00f3n de colaboradores<\/td><td>Mantenimiento, desarrollo y control de la relaci\u00f3n contractual entre las partes<\/td><\/tr><tr><td>Tratamiento de gesti\u00f3n de reclamaciones (atenci\u00f3n al cliente)<\/td><td>Consentimiento del propio interesado<\/td><\/tr><tr><td>Tratamiento de operaciones en campa\u00f1as a trav\u00e9s de medios electr\u00f3nicos con potenciales clientes<\/td><td>Consentimiento del propio interesado<\/td><\/tr><tr><td>Tratamiento de derechos protecci\u00f3n de datos<\/td><td>Consentimiento del propio interesado<\/td><\/tr><\/tbody><\/table><\/figure>\n\n\n\n<p><strong>Cookies de terceros.<\/strong>&nbsp;En alguna p\u00e1gina del Sitio Web se muestra contenido embebido o invocado a trav\u00e9s del cual se pueden estar instalando cookies de terceros.<\/p>\n\n\n\n<p><strong>Redes Sociales.<\/strong>\u00a0En otros sitios en los que\u00a0May Abad\u00a0tiene p\u00e1gina o perfil social se instalan cookies de terceros a todos sus visitantes, aunque no sean usuarios registrados en las correspondientes plataformas:\u00a0<a href=\"https:\/\/www.facebook.com\/help\/cookies\">P\u00e1gina de Cookies de Facebook<\/a>,\u00a0<a href=\"https:\/\/twitter.com\/privacy\">P\u00e1gina de Privacidad de Twitter<\/a>,\u00a0<a href=\"https:\/\/www.linkedin.com\/legal\/cookie-policy?trk=hb_ft_cookie\">P\u00e1gina de Cookies de LinkedIn<\/a>,\u00a0<a href=\"https:\/\/www.google.com\/intl\/es\/policies\/technologies\/types\/\">P\u00e1gina de Cookies de Google<\/a>.<\/p>\n\n\n\n<h2 class=\"wp-block-heading\"><strong>Encargados del tratamiento de los datos fuera de la UE<\/strong><\/h2>\n\n\n\n<p>No est\u00e1 previsto le cesi\u00f3n de datos a pa\u00edses fuera de la UE.<\/p>\n\n\n\n<h2 class=\"wp-block-heading\"><strong>Confidencialidad y destrucci\u00f3n documental<\/strong><\/h2>\n\n\n\n<p><strong>Secreto profesional.<\/strong>\u00a0<strong><strong>May Abad<\/strong><\/strong>\u00a0y los colaboradores que trabajan con nosotros y que tuvieran alg\u00fan tipo de intervenci\u00f3n en los servicios prestados al cliente, est\u00e1n comprometidos a no divulgar ni hacer uso de la informaci\u00f3n a la que hayan accedido por raz\u00f3n de su profesi\u00f3n. La informaci\u00f3n suministrada por el cliente tendr\u00e1, en todo caso, la consideraci\u00f3n de confidencial, sin que pueda ser utilizada para otros fines que los relacionados con los servicios contratados a\u00a0<strong><strong>May Abad<\/strong><\/strong>.<\/p>\n\n\n\n<p><strong><strong>May Abad<\/strong><\/strong>\u00a0se obliga a no divulgar ni revelar informaci\u00f3n sobre las pretensiones del cliente, los motivos del asesoramiento solicitado o la duraci\u00f3n de su relaci\u00f3n con este.<\/p>\n\n\n\n<p><strong>Destrucci\u00f3n documental.<\/strong>\u00a0Con el objetivo de preservar y garantizar la confidencialidad,\u00a0<strong><strong>May Abad<\/strong><\/strong>\u00a0se compromete a destruir toda la informaci\u00f3n confidencial a la que por raz\u00f3n de una prestaci\u00f3n de servicios haya tenido acceso cuando dejen de ser necesarios para la finalidad con la que se recabaron, salvo que exista una obligaci\u00f3n legal para su conservaci\u00f3n. Si el Cliente desea conservar el original o una copia de dicha informaci\u00f3n, deber\u00e1 imprimirla o guardarla por sus propios medios o acudir a la sede de <strong>May Abad<\/strong>\u00a0para recogerla antes de su destrucci\u00f3n.<\/p>\n","protected":false},"excerpt":{"rendered":"<p>Titular del sitio web y responsable del tratamiento En cumplimiento del art\u00edculo 10 de la Ley 34\/2002, de 11 de julio, de Servicios de la Sociedad de la Informaci\u00f3n y&hellip;<\/p>\n","protected":false},"author":1,"featured_media":0,"parent":0,"menu_order":0,"comment_status":"closed","ping_status":"closed","template":"","meta":{"_seopress_robots_primary_cat":"","_seopress_titles_title":"","_seopress_titles_desc":"","_seopress_robots_index":"","_regular_price":[],"currency_symbol":[],"footnotes":""},"class_list":["post-634","page","type-page","status-publish","hentry"],"post_slider_layout_featured_media_urls":{"thumbnail":"","post_slider_layout_landscape_large":"","post_slider_layout_portrait_large":"","post_slider_layout_square_large":"","post_slider_layout_landscape":"","post_slider_layout_portrait":"","post_slider_layout_square":"","full":""},"featured_image_src":null,"yoast_head":"<!-- This site is optimized with the Yoast SEO plugin v27.4 - https:\/\/yoast.com\/product\/yoast-seo-wordpress\/ -->\n<title>Pol\u00edtica de Privacidad - Arte Unico y personalizado. Cuadros por encargo<\/title>\n<meta name=\"robots\" content=\"index, follow, max-snippet:-1, max-image-preview:large, max-video-preview:-1\" \/>\n<link rel=\"canonical\" href=\"https:\/\/prueba.mayabad.com\/index.php\/politica-de-privacidad\/\" \/>\n<meta property=\"og:locale\" content=\"es_ES\" \/>\n<meta property=\"og:type\" content=\"article\" \/>\n<meta property=\"og:title\" content=\"Pol\u00edtica de Privacidad - Arte Unico y personalizado. Cuadros por encargo\" \/>\n<meta property=\"og:description\" content=\"Titular del sitio web y responsable del tratamiento En cumplimiento del art\u00edculo 10 de la Ley 34\/2002, de 11 de julio, de Servicios de la Sociedad de la Informaci\u00f3n y&hellip;\" \/>\n<meta property=\"og:url\" content=\"https:\/\/prueba.mayabad.com\/index.php\/politica-de-privacidad\/\" \/>\n<meta property=\"og:site_name\" content=\"Arte Unico y personalizado. Cuadros por encargo\" \/>\n<meta property=\"article:modified_time\" content=\"2025-03-04T21:04:08+00:00\" \/>\n<meta name=\"twitter:card\" content=\"summary_large_image\" \/>\n<meta name=\"twitter:label1\" content=\"Tiempo de lectura\" \/>\n\t<meta name=\"twitter:data1\" content=\"6 minutos\" \/>\n<script type=\"application\/ld+json\" class=\"yoast-schema-graph\">{\"@context\":\"https:\\\/\\\/schema.org\",\"@graph\":[{\"@type\":\"WebPage\",\"@id\":\"https:\\\/\\\/prueba.mayabad.com\\\/index.php\\\/politica-de-privacidad\\\/\",\"url\":\"https:\\\/\\\/prueba.mayabad.com\\\/index.php\\\/politica-de-privacidad\\\/\",\"name\":\"Pol\u00edtica de Privacidad - Arte Unico y personalizado. Cuadros por encargo\",\"isPartOf\":{\"@id\":\"https:\\\/\\\/prueba.mayabad.com\\\/#website\"},\"datePublished\":\"2025-03-04T21:00:25+00:00\",\"dateModified\":\"2025-03-04T21:04:08+00:00\",\"breadcrumb\":{\"@id\":\"https:\\\/\\\/prueba.mayabad.com\\\/index.php\\\/politica-de-privacidad\\\/#breadcrumb\"},\"inLanguage\":\"es\",\"potentialAction\":[{\"@type\":\"ReadAction\",\"target\":[\"https:\\\/\\\/prueba.mayabad.com\\\/index.php\\\/politica-de-privacidad\\\/\"]}]},{\"@type\":\"BreadcrumbList\",\"@id\":\"https:\\\/\\\/prueba.mayabad.com\\\/index.php\\\/politica-de-privacidad\\\/#breadcrumb\",\"itemListElement\":[{\"@type\":\"ListItem\",\"position\":1,\"name\":\"Portada\",\"item\":\"https:\\\/\\\/prueba.mayabad.com\\\/\"},{\"@type\":\"ListItem\",\"position\":2,\"name\":\"Pol\u00edtica de Privacidad\"}]},{\"@type\":\"WebSite\",\"@id\":\"https:\\\/\\\/prueba.mayabad.com\\\/#website\",\"url\":\"https:\\\/\\\/prueba.mayabad.com\\\/\",\"name\":\"Arte Unico y personalizado. Cuadros por encargo\",\"description\":\"Arte Unico y personalizado. Cuadros por encargo\",\"publisher\":{\"@id\":\"https:\\\/\\\/prueba.mayabad.com\\\/#organization\"},\"potentialAction\":[{\"@type\":\"SearchAction\",\"target\":{\"@type\":\"EntryPoint\",\"urlTemplate\":\"https:\\\/\\\/prueba.mayabad.com\\\/?s={search_term_string}\"},\"query-input\":{\"@type\":\"PropertyValueSpecification\",\"valueRequired\":true,\"valueName\":\"search_term_string\"}}],\"inLanguage\":\"es\"},{\"@type\":\"Organization\",\"@id\":\"https:\\\/\\\/prueba.mayabad.com\\\/#organization\",\"name\":\"Arte Unico y personalizado. Cuadros por encargo\",\"url\":\"https:\\\/\\\/prueba.mayabad.com\\\/\",\"logo\":{\"@type\":\"ImageObject\",\"inLanguage\":\"es\",\"@id\":\"https:\\\/\\\/prueba.mayabad.com\\\/#\\\/schema\\\/logo\\\/image\\\/\",\"url\":\"https:\\\/\\\/prueba.mayabad.com\\\/wp-content\\\/uploads\\\/2025\\\/03\\\/Imagen-de-WhatsApp-2025-03-04-a-las-19.33.51_1936e798.jpg\",\"contentUrl\":\"https:\\\/\\\/prueba.mayabad.com\\\/wp-content\\\/uploads\\\/2025\\\/03\\\/Imagen-de-WhatsApp-2025-03-04-a-las-19.33.51_1936e798.jpg\",\"width\":1200,\"height\":628,\"caption\":\"Arte Unico y personalizado. Cuadros por encargo\"},\"image\":{\"@id\":\"https:\\\/\\\/prueba.mayabad.com\\\/#\\\/schema\\\/logo\\\/image\\\/\"}}]}<\/script>\n<!-- \/ Yoast SEO plugin. -->","yoast_head_json":{"title":"Pol\u00edtica de Privacidad - Arte Unico y personalizado. Cuadros por encargo","robots":{"index":"index","follow":"follow","max-snippet":"max-snippet:-1","max-image-preview":"max-image-preview:large","max-video-preview":"max-video-preview:-1"},"canonical":"https:\/\/prueba.mayabad.com\/index.php\/politica-de-privacidad\/","og_locale":"es_ES","og_type":"article","og_title":"Pol\u00edtica de Privacidad - Arte Unico y personalizado. Cuadros por encargo","og_description":"Titular del sitio web y responsable del tratamiento En cumplimiento del art\u00edculo 10 de la Ley 34\/2002, de 11 de julio, de Servicios de la Sociedad de la Informaci\u00f3n y&hellip;","og_url":"https:\/\/prueba.mayabad.com\/index.php\/politica-de-privacidad\/","og_site_name":"Arte Unico y personalizado. Cuadros por encargo","article_modified_time":"2025-03-04T21:04:08+00:00","twitter_card":"summary_large_image","twitter_misc":{"Tiempo de lectura":"6 minutos"},"schema":{"@context":"https:\/\/schema.org","@graph":[{"@type":"WebPage","@id":"https:\/\/prueba.mayabad.com\/index.php\/politica-de-privacidad\/","url":"https:\/\/prueba.mayabad.com\/index.php\/politica-de-privacidad\/","name":"Pol\u00edtica de Privacidad - Arte Unico y personalizado. Cuadros por encargo","isPartOf":{"@id":"https:\/\/prueba.mayabad.com\/#website"},"datePublished":"2025-03-04T21:00:25+00:00","dateModified":"2025-03-04T21:04:08+00:00","breadcrumb":{"@id":"https:\/\/prueba.mayabad.com\/index.php\/politica-de-privacidad\/#breadcrumb"},"inLanguage":"es","potentialAction":[{"@type":"ReadAction","target":["https:\/\/prueba.mayabad.com\/index.php\/politica-de-privacidad\/"]}]},{"@type":"BreadcrumbList","@id":"https:\/\/prueba.mayabad.com\/index.php\/politica-de-privacidad\/#breadcrumb","itemListElement":[{"@type":"ListItem","position":1,"name":"Portada","item":"https:\/\/prueba.mayabad.com\/"},{"@type":"ListItem","position":2,"name":"Pol\u00edtica de Privacidad"}]},{"@type":"WebSite","@id":"https:\/\/prueba.mayabad.com\/#website","url":"https:\/\/prueba.mayabad.com\/","name":"Arte Unico y personalizado. Cuadros por encargo","description":"Arte Unico y personalizado. Cuadros por encargo","publisher":{"@id":"https:\/\/prueba.mayabad.com\/#organization"},"potentialAction":[{"@type":"SearchAction","target":{"@type":"EntryPoint","urlTemplate":"https:\/\/prueba.mayabad.com\/?s={search_term_string}"},"query-input":{"@type":"PropertyValueSpecification","valueRequired":true,"valueName":"search_term_string"}}],"inLanguage":"es"},{"@type":"Organization","@id":"https:\/\/prueba.mayabad.com\/#organization","name":"Arte Unico y personalizado. Cuadros por encargo","url":"https:\/\/prueba.mayabad.com\/","logo":{"@type":"ImageObject","inLanguage":"es","@id":"https:\/\/prueba.mayabad.com\/#\/schema\/logo\/image\/","url":"https:\/\/prueba.mayabad.com\/wp-content\/uploads\/2025\/03\/Imagen-de-WhatsApp-2025-03-04-a-las-19.33.51_1936e798.jpg","contentUrl":"https:\/\/prueba.mayabad.com\/wp-content\/uploads\/2025\/03\/Imagen-de-WhatsApp-2025-03-04-a-las-19.33.51_1936e798.jpg","width":1200,"height":628,"caption":"Arte Unico y personalizado. Cuadros por encargo"},"image":{"@id":"https:\/\/prueba.mayabad.com\/#\/schema\/logo\/image\/"}}]}},"_links":{"self":[{"href":"https:\/\/prueba.mayabad.com\/index.php\/wp-json\/wp\/v2\/pages\/634","targetHints":{"allow":["GET"]}}],"collection":[{"href":"https:\/\/prueba.mayabad.com\/index.php\/wp-json\/wp\/v2\/pages"}],"about":[{"href":"https:\/\/prueba.mayabad.com\/index.php\/wp-json\/wp\/v2\/types\/page"}],"author":[{"embeddable":true,"href":"https:\/\/prueba.mayabad.com\/index.php\/wp-json\/wp\/v2\/users\/1"}],"replies":[{"embeddable":true,"href":"https:\/\/prueba.mayabad.com\/index.php\/wp-json\/wp\/v2\/comments?post=634"}],"version-history":[{"count":4,"href":"https:\/\/prueba.mayabad.com\/index.php\/wp-json\/wp\/v2\/pages\/634\/revisions"}],"predecessor-version":[{"id":641,"href":"https:\/\/prueba.mayabad.com\/index.php\/wp-json\/wp\/v2\/pages\/634\/revisions\/641"}],"wp:attachment":[{"href":"https:\/\/prueba.mayabad.com\/index.php\/wp-json\/wp\/v2\/media?parent=634"}],"curies":[{"name":"wp","href":"https:\/\/api.w.org\/{rel}","templated":true}]}}