{"id":424,"date":"2025-03-03T13:33:54","date_gmt":"2025-03-03T13:33:54","guid":{"rendered":"https:\/\/prueba.mayabad.com\/?page_id=424"},"modified":"2025-03-07T11:31:03","modified_gmt":"2025-03-07T11:31:03","slug":"eres-disenador-a-de-interiores","status":"publish","type":"page","link":"https:\/\/prueba.mayabad.com\/index.php\/eres-disenador-a-de-interiores\/","title":{"rendered":"Eres dise\u00f1ador\/a de Interiores?"},"content":{"rendered":"<div class=\"wp-block-image\">\n<figure class=\"aligncenter size-full is-resized\"><img alt=\"\" fetchpriority=\"high\" decoding=\"async\" width=\"960\" height=\"960\" src=\"https:\/\/prueba.mayabad.com\/wp-content\/uploads\/2025\/03\/hghg.avif\" alt=\"\" class=\"wp-image-426\" style=\"width:606px;height:auto\"\/><\/figure>\n<\/div>\n\n\n<h2 class=\"wp-block-heading\"><\/h2>\n\n\n\n<p><\/p>\n\n\n\n<h2 class=\"wp-block-heading\">                    Arte exclusivo para interioristas: inspiraci\u00f3n y dise\u00f1o sin l\u00edmites<\/h2>\n\n\n\n<p><\/p>\n\n\n\n<p>El arte transforma los espacios, define ambientes y refleja la esencia de quienes los habitan. En cada trazo, color y textura, una obra de arte aporta car\u00e1cter y personalidad a cualquier estancia, convirti\u00e9ndose en el punto focal que eleva el dise\u00f1o interior a un nivel superior.<\/p>\n\n\n\n<p>Si eres interiorista y buscas piezas \u00fanicas para realzar la est\u00e9tica de tus proyectos o deseas sugerencias exclusivas para tus clientes, aqu\u00ed encontrar\u00e1s una colecci\u00f3n de pinturas originales y personalizadas, dise\u00f1adas para integrarse armoniosamente en cualquier concepto decorativo.<\/p>\n\n\n\n<div class=\"wp-block-columns is-layout-flex wp-container-core-columns-is-layout-9d6595d7 wp-block-columns-is-layout-flex\">\n<div class=\"wp-block-column is-layout-flow wp-block-column-is-layout-flow\"><\/div>\n\n\n\n<div class=\"wp-block-column is-layout-flow wp-block-column-is-layout-flow\"><\/div>\n<\/div>\n\n\n<div class=\"wp-block-ub-divider ub_divider ub-divider-orientation-horizontal\" id=\"ub_divider_4b940ae5-5ac1-4730-80e6-7e5baca3fff5\"><div class=\"ub_divider_wrapper\" style=\"position: relative; margin-bottom: 2px; width: 100%; height: 2px; \" data-divider-alignment=\"center\"><div class=\"ub_divider_line\" style=\"border-top: 2px solid #ccc; margin-top: 2px; \"><\/div><\/div><\/div>\n\n\n<h2 class=\"wp-block-heading\"><\/h2>\n\n\n\n<div data-gallery-id=\"lightgallery__dd2293-7b\" class=\"wp-block-ive-gallery alignwide get-gallery-id ive-gallery-wrap-id-_dd2293-7b\"><ul id=\"lightgallery__dd2293-7b\" class=\"ive-gallery-ul ive-gallery-type-grid ive-gallery-id-_dd2293-7b ive-gallery-caption-style-bottom-hover ive-gallery-filter-none\" data-item-selector=\".ibtana-blocks-gallery-item\" data-image-filter=\"none\" data-lightbox-caption=\"true\" data-columns-xxl=\"3\" data-columns-xl=\"3\" data-columns-lg=\"3\" data-columns-md=\"2\" data-columns-sm=\"1\" data-columns-xs=\"1\"><li class=\"ibtana-blocks-gallery-item\"><div class=\"ibtana-blocks-gallery-item-inner\"><figure class=\"ive-gallery-figure ibtana-blocks-gallery-item-hide-caption ive-has-image-ratio-land32 light_item\" href=\"https:\/\/prueba.mayabad.com\/wp-content\/uploads\/2025\/03\/zz.jpg\"><div class=\"ive-gal-image-radius\"><div class=\"ive-gallery-image-contain ibtana-blocks-gallery-intrinsic ive-gallery-image-ratio-land32\"><img alt=\"\" decoding=\"async\" src=\"https:\/\/prueba.mayabad.com\/wp-content\/uploads\/2025\/03\/zz-1024x1024.jpg\" width=\"1024\" height=\"1024\" alt=\"\" data-full-image=\"https:\/\/prueba.mayabad.com\/wp-content\/uploads\/2025\/03\/zz.jpg\" data-light-image=\"https:\/\/prueba.mayabad.com\/wp-content\/uploads\/2025\/03\/zz.jpg\" data-id=\"428\" data-link=\"https:\/\/prueba.mayabad.com\/?attachment_id=428\" class=\"wp-image-428undefined\" srcset=\"https:\/\/prueba.mayabad.com\/wp-content\/uploads\/2025\/03\/zz-1024x1024.jpg 1024w, https:\/\/prueba.mayabad.com\/wp-content\/uploads\/2025\/03\/zz-800x800.jpg 800w, https:\/\/prueba.mayabad.com\/wp-content\/uploads\/2025\/03\/zz-150x150.jpg 150w, https:\/\/prueba.mayabad.com\/wp-content\/uploads\/2025\/03\/zz-300x300.jpg 300w, https:\/\/prueba.mayabad.com\/wp-content\/uploads\/2025\/03\/zz-768x768.jpg 768w, https:\/\/prueba.mayabad.com\/wp-content\/uploads\/2025\/03\/zz-600x600.jpg 600w, https:\/\/prueba.mayabad.com\/wp-content\/uploads\/2025\/03\/zz-50x50.jpg 50w, https:\/\/prueba.mayabad.com\/wp-content\/uploads\/2025\/03\/zz-100x100.jpg 100w, https:\/\/prueba.mayabad.com\/wp-content\/uploads\/2025\/03\/zz.jpg 1080w\" sizes=\"(max-width: 1024px) 100vw, 1024px\" \/><\/div><\/div><\/figure><\/div><\/li><li class=\"ibtana-blocks-gallery-item\"><div class=\"ibtana-blocks-gallery-item-inner\"><figure class=\"ive-gallery-figure ibtana-blocks-gallery-item-hide-caption ive-has-image-ratio-land32 light_item\" href=\"https:\/\/prueba.mayabad.com\/wp-content\/uploads\/2025\/03\/zz2.webp\"><div class=\"ive-gal-image-radius\"><div class=\"ive-gallery-image-contain ibtana-blocks-gallery-intrinsic ive-gallery-image-ratio-land32\"><img alt=\"\" decoding=\"async\" src=\"https:\/\/prueba.mayabad.com\/wp-content\/uploads\/2025\/03\/zz2-1024x768.webp\" width=\"1024\" height=\"768\" alt=\"\" data-full-image=\"https:\/\/prueba.mayabad.com\/wp-content\/uploads\/2025\/03\/zz2.webp\" data-light-image=\"https:\/\/prueba.mayabad.com\/wp-content\/uploads\/2025\/03\/zz2.webp\" data-id=\"430\" data-link=\"https:\/\/prueba.mayabad.com\/?attachment_id=430\" class=\"wp-image-430undefined\" srcset=\"https:\/\/prueba.mayabad.com\/wp-content\/uploads\/2025\/03\/zz2-1024x768.webp 1024w, https:\/\/prueba.mayabad.com\/wp-content\/uploads\/2025\/03\/zz2-800x600.webp 800w, https:\/\/prueba.mayabad.com\/wp-content\/uploads\/2025\/03\/zz2-300x225.webp 300w, https:\/\/prueba.mayabad.com\/wp-content\/uploads\/2025\/03\/zz2-768x576.webp 768w, https:\/\/prueba.mayabad.com\/wp-content\/uploads\/2025\/03\/zz2.webp 1200w\" sizes=\"(max-width: 1024px) 100vw, 1024px\" \/><\/div><\/div><\/figure><\/div><\/li><li class=\"ibtana-blocks-gallery-item\"><div class=\"ibtana-blocks-gallery-item-inner\"><figure class=\"ive-gallery-figure ibtana-blocks-gallery-item-hide-caption ive-has-image-ratio-land32 light_item\" href=\"https:\/\/prueba.mayabad.com\/wp-content\/uploads\/2025\/03\/zz1.avif\"><div class=\"ive-gal-image-radius\"><div class=\"ive-gallery-image-contain ibtana-blocks-gallery-intrinsic ive-gallery-image-ratio-land32\"><img alt=\"\" loading=\"lazy\" decoding=\"async\" src=\"https:\/\/prueba.mayabad.com\/wp-content\/uploads\/2025\/03\/zz1.avif\" width=\"4500\" height=\"3600\" alt=\"\" data-full-image=\"https:\/\/prueba.mayabad.com\/wp-content\/uploads\/2025\/03\/zz1.avif\" data-light-image=\"https:\/\/prueba.mayabad.com\/wp-content\/uploads\/2025\/03\/zz1.avif\" data-id=\"429\" data-link=\"https:\/\/prueba.mayabad.com\/?attachment_id=429\" class=\"wp-image-429undefined\"\/><\/div><\/div><\/figure><\/div><\/li><\/ul><\/div>\n\n\n\n<h2 class=\"wp-block-heading\">                   Para proyectos residenciales y comerciales<\/h2>\n\n\n\n<p><\/p>\n\n\n\n<p>Desde viviendas privadas y apartamentos de lujo hasta grandes espacios corporativos, cada obra est\u00e1 creada para complementar el dise\u00f1o y aportar una atm\u00f3sfera \u00fanica.<\/p>\n\n\n\n<p>\u2714 <strong>Hoteles y alojamientos tur\u00edsticos<\/strong> \u2013 Cuadros que evocan sensaciones y experiencias, dise\u00f1ados para generar una impresi\u00f3n inolvidable en cada hu\u00e9sped.<br>\u2714 <strong>Restaurantes y cafeter\u00edas<\/strong> \u2013 Obras que refuerzan la identidad visual del espacio y crean una atm\u00f3sfera acogedora y envolvente.<br>\u2714 <strong>Oficinas y coworking<\/strong> \u2013 Piezas que inspiran productividad, creatividad y bienestar en entornos de trabajo modernos.<br>\u2714 <strong>Residencias privadas y espacios exclusivos<\/strong> \u2013 Arte a medida que se adapta a cualquier estilo, desde lo minimalista y contempor\u00e1neo hasta lo cl\u00e1sico y ecl\u00e9ctico.<\/p>\n\n\n<div class=\"wp-block-ub-divider ub_divider ub-divider-orientation-horizontal\" id=\"ub_divider_0e25c70e-0894-4f6d-9d27-4cb337cbfca9\"><div class=\"ub_divider_wrapper\" style=\"position: relative; margin-bottom: 2px; width: 100%; height: 2px; \" data-divider-alignment=\"center\"><div class=\"ub_divider_line\" style=\"border-top: 2px solid #ccc; margin-top: 2px; \"><\/div><\/div><\/div>\n\n\n<h2 class=\"wp-block-heading\"><\/h2>\n\n\n\n<div class=\"wp-block-columns is-layout-flex wp-container-core-columns-is-layout-9d6595d7 wp-block-columns-is-layout-flex\">\n<div class=\"wp-block-column is-layout-flow wp-block-column-is-layout-flow\"><div class=\"wp-block-image\">\n<figure class=\"aligncenter size-full is-resized\"><img alt=\"\" loading=\"lazy\" decoding=\"async\" width=\"224\" height=\"224\" src=\"https:\/\/prueba.mayabad.com\/wp-content\/uploads\/2025\/03\/zz3.jpeg\" alt=\"\" class=\"wp-image-433\" style=\"width:566px;height:auto\" srcset=\"https:\/\/prueba.mayabad.com\/wp-content\/uploads\/2025\/03\/zz3.jpeg 224w, https:\/\/prueba.mayabad.com\/wp-content\/uploads\/2025\/03\/zz3-150x150.jpeg 150w, https:\/\/prueba.mayabad.com\/wp-content\/uploads\/2025\/03\/zz3-50x50.jpeg 50w, https:\/\/prueba.mayabad.com\/wp-content\/uploads\/2025\/03\/zz3-100x100.jpeg 100w\" sizes=\"(max-width: 224px) 100vw, 224px\" \/><\/figure>\n<\/div><\/div>\n\n\n\n<div class=\"wp-block-column is-layout-flow wp-block-column-is-layout-flow\"><div class=\"wp-block-image\">\n<figure class=\"aligncenter size-full is-resized\"><img alt=\"\" loading=\"lazy\" decoding=\"async\" width=\"225\" height=\"225\" src=\"https:\/\/prueba.mayabad.com\/wp-content\/uploads\/2025\/03\/zz4.jpeg\" alt=\"\" class=\"wp-image-434\" style=\"width:566px;height:auto\" srcset=\"https:\/\/prueba.mayabad.com\/wp-content\/uploads\/2025\/03\/zz4.jpeg 225w, https:\/\/prueba.mayabad.com\/wp-content\/uploads\/2025\/03\/zz4-150x150.jpeg 150w, https:\/\/prueba.mayabad.com\/wp-content\/uploads\/2025\/03\/zz4-50x50.jpeg 50w, https:\/\/prueba.mayabad.com\/wp-content\/uploads\/2025\/03\/zz4-100x100.jpeg 100w\" sizes=\"(max-width: 225px) 100vw, 225px\" \/><\/figure>\n<\/div><\/div>\n<\/div>\n\n\n\n<h2 class=\"wp-block-heading\">                    Personalizaci\u00f3n y exclusividad para cada proyecto<\/h2>\n\n\n\n<p><\/p>\n\n\n\n<p>Si buscas un toque distintivo y a medida, ofrecemos <strong>pinturas personalizadas<\/strong>, creadas seg\u00fan la paleta de colores, el concepto decorativo y la visi\u00f3n de cada proyecto. Cada obra est\u00e1 certificada como \u00fanica, con la autenticidad garantizada por la firma de la artista May Abad.<\/p>\n\n\n\n<p>Descubre c\u00f3mo nuestras piezas pueden convertir cualquier espacio en una experiencia visual inigualable. <\/p>\n\n\n\n<p><\/p>\n\n\n\n<p><strong>Explora la colecci\u00f3n o solicita una consulta personalizada para encontrar la obra perfecta para tu proyecto.<\/strong><\/p>\n\n\n\n<div class=\"wp-block-jetpack-contact-form\" style=\"padding-top:16px;padding-right:16px;padding-bottom:16px;padding-left:16px\">\n\n\n\n\n\n<\/div>\n","protected":false},"excerpt":{"rendered":"<p>Arte exclusivo para interioristas: inspiraci\u00f3n y dise\u00f1o sin l\u00edmites El arte transforma los espacios, define ambientes y refleja la esencia de quienes los habitan. En cada trazo, color y textura,&hellip;<\/p>\n","protected":false},"author":1,"featured_media":0,"parent":0,"menu_order":0,"comment_status":"closed","ping_status":"closed","template":"","meta":{"_seopress_robots_primary_cat":"","_seopress_titles_title":"","_seopress_titles_desc":"","_seopress_robots_index":"","_regular_price":[],"currency_symbol":[],"footnotes":""},"class_list":["post-424","page","type-page","status-publish","hentry"],"post_slider_layout_featured_media_urls":{"thumbnail":"","post_slider_layout_landscape_large":"","post_slider_layout_portrait_large":"","post_slider_layout_square_large":"","post_slider_layout_landscape":"","post_slider_layout_portrait":"","post_slider_layout_square":"","full":""},"featured_image_src":null,"yoast_head":"<!-- This site is optimized with the Yoast SEO plugin v27.4 - https:\/\/yoast.com\/product\/yoast-seo-wordpress\/ -->\n<title>Eres dise\u00f1ador\/a de Interiores? - Arte Unico y personalizado. Cuadros por encargo<\/title>\n<meta name=\"robots\" content=\"index, follow, max-snippet:-1, max-image-preview:large, max-video-preview:-1\" \/>\n<link rel=\"canonical\" href=\"https:\/\/prueba.mayabad.com\/index.php\/eres-disenador-a-de-interiores\/\" \/>\n<meta property=\"og:locale\" content=\"es_ES\" \/>\n<meta property=\"og:type\" content=\"article\" \/>\n<meta property=\"og:title\" content=\"Eres dise\u00f1ador\/a de Interiores? - Arte Unico y personalizado. Cuadros por encargo\" \/>\n<meta property=\"og:description\" content=\"Arte exclusivo para interioristas: inspiraci\u00f3n y dise\u00f1o sin l\u00edmites El arte transforma los espacios, define ambientes y refleja la esencia de quienes los habitan. En cada trazo, color y textura,&hellip;\" \/>\n<meta property=\"og:url\" content=\"https:\/\/prueba.mayabad.com\/index.php\/eres-disenador-a-de-interiores\/\" \/>\n<meta property=\"og:site_name\" content=\"Arte Unico y personalizado. Cuadros por encargo\" \/>\n<meta property=\"article:modified_time\" content=\"2025-03-07T11:31:03+00:00\" \/>\n<meta name=\"twitter:card\" content=\"summary_large_image\" \/>\n<meta name=\"twitter:label1\" content=\"Tiempo de lectura\" \/>\n\t<meta name=\"twitter:data1\" content=\"2 minutos\" \/>\n<script type=\"application\/ld+json\" class=\"yoast-schema-graph\">{\"@context\":\"https:\\\/\\\/schema.org\",\"@graph\":[{\"@type\":\"WebPage\",\"@id\":\"https:\\\/\\\/prueba.mayabad.com\\\/index.php\\\/eres-disenador-a-de-interiores\\\/\",\"url\":\"https:\\\/\\\/prueba.mayabad.com\\\/index.php\\\/eres-disenador-a-de-interiores\\\/\",\"name\":\"Eres dise\u00f1ador\\\/a de Interiores? - Arte Unico y personalizado. Cuadros por encargo\",\"isPartOf\":{\"@id\":\"https:\\\/\\\/prueba.mayabad.com\\\/#website\"},\"primaryImageOfPage\":{\"@id\":\"https:\\\/\\\/prueba.mayabad.com\\\/index.php\\\/eres-disenador-a-de-interiores\\\/#primaryimage\"},\"image\":{\"@id\":\"https:\\\/\\\/prueba.mayabad.com\\\/index.php\\\/eres-disenador-a-de-interiores\\\/#primaryimage\"},\"thumbnailUrl\":\"https:\\\/\\\/prueba.mayabad.com\\\/wp-content\\\/uploads\\\/2025\\\/03\\\/hghg.avif\",\"datePublished\":\"2025-03-03T13:33:54+00:00\",\"dateModified\":\"2025-03-07T11:31:03+00:00\",\"breadcrumb\":{\"@id\":\"https:\\\/\\\/prueba.mayabad.com\\\/index.php\\\/eres-disenador-a-de-interiores\\\/#breadcrumb\"},\"inLanguage\":\"es\",\"potentialAction\":[{\"@type\":\"ReadAction\",\"target\":[\"https:\\\/\\\/prueba.mayabad.com\\\/index.php\\\/eres-disenador-a-de-interiores\\\/\"]}]},{\"@type\":\"ImageObject\",\"inLanguage\":\"es\",\"@id\":\"https:\\\/\\\/prueba.mayabad.com\\\/index.php\\\/eres-disenador-a-de-interiores\\\/#primaryimage\",\"url\":\"https:\\\/\\\/prueba.mayabad.com\\\/wp-content\\\/uploads\\\/2025\\\/03\\\/hghg.avif\",\"contentUrl\":\"https:\\\/\\\/prueba.mayabad.com\\\/wp-content\\\/uploads\\\/2025\\\/03\\\/hghg.avif\",\"width\":960,\"height\":960},{\"@type\":\"BreadcrumbList\",\"@id\":\"https:\\\/\\\/prueba.mayabad.com\\\/index.php\\\/eres-disenador-a-de-interiores\\\/#breadcrumb\",\"itemListElement\":[{\"@type\":\"ListItem\",\"position\":1,\"name\":\"Portada\",\"item\":\"https:\\\/\\\/prueba.mayabad.com\\\/\"},{\"@type\":\"ListItem\",\"position\":2,\"name\":\"Eres dise\u00f1ador\\\/a de Interiores?\"}]},{\"@type\":\"WebSite\",\"@id\":\"https:\\\/\\\/prueba.mayabad.com\\\/#website\",\"url\":\"https:\\\/\\\/prueba.mayabad.com\\\/\",\"name\":\"Arte Unico y personalizado. Cuadros por encargo\",\"description\":\"Arte Unico y personalizado. Cuadros por encargo\",\"publisher\":{\"@id\":\"https:\\\/\\\/prueba.mayabad.com\\\/#organization\"},\"potentialAction\":[{\"@type\":\"SearchAction\",\"target\":{\"@type\":\"EntryPoint\",\"urlTemplate\":\"https:\\\/\\\/prueba.mayabad.com\\\/?s={search_term_string}\"},\"query-input\":{\"@type\":\"PropertyValueSpecification\",\"valueRequired\":true,\"valueName\":\"search_term_string\"}}],\"inLanguage\":\"es\"},{\"@type\":\"Organization\",\"@id\":\"https:\\\/\\\/prueba.mayabad.com\\\/#organization\",\"name\":\"Arte Unico y personalizado. Cuadros por encargo\",\"url\":\"https:\\\/\\\/prueba.mayabad.com\\\/\",\"logo\":{\"@type\":\"ImageObject\",\"inLanguage\":\"es\",\"@id\":\"https:\\\/\\\/prueba.mayabad.com\\\/#\\\/schema\\\/logo\\\/image\\\/\",\"url\":\"https:\\\/\\\/prueba.mayabad.com\\\/wp-content\\\/uploads\\\/2025\\\/03\\\/Imagen-de-WhatsApp-2025-03-04-a-las-19.33.51_1936e798.jpg\",\"contentUrl\":\"https:\\\/\\\/prueba.mayabad.com\\\/wp-content\\\/uploads\\\/2025\\\/03\\\/Imagen-de-WhatsApp-2025-03-04-a-las-19.33.51_1936e798.jpg\",\"width\":1200,\"height\":628,\"caption\":\"Arte Unico y personalizado. Cuadros por encargo\"},\"image\":{\"@id\":\"https:\\\/\\\/prueba.mayabad.com\\\/#\\\/schema\\\/logo\\\/image\\\/\"}}]}<\/script>\n<!-- \/ Yoast SEO plugin. -->","yoast_head_json":{"title":"Eres dise\u00f1ador\/a de Interiores? - Arte Unico y personalizado. Cuadros por encargo","robots":{"index":"index","follow":"follow","max-snippet":"max-snippet:-1","max-image-preview":"max-image-preview:large","max-video-preview":"max-video-preview:-1"},"canonical":"https:\/\/prueba.mayabad.com\/index.php\/eres-disenador-a-de-interiores\/","og_locale":"es_ES","og_type":"article","og_title":"Eres dise\u00f1ador\/a de Interiores? - Arte Unico y personalizado. Cuadros por encargo","og_description":"Arte exclusivo para interioristas: inspiraci\u00f3n y dise\u00f1o sin l\u00edmites El arte transforma los espacios, define ambientes y refleja la esencia de quienes los habitan. En cada trazo, color y textura,&hellip;","og_url":"https:\/\/prueba.mayabad.com\/index.php\/eres-disenador-a-de-interiores\/","og_site_name":"Arte Unico y personalizado. Cuadros por encargo","article_modified_time":"2025-03-07T11:31:03+00:00","twitter_card":"summary_large_image","twitter_misc":{"Tiempo de lectura":"2 minutos"},"schema":{"@context":"https:\/\/schema.org","@graph":[{"@type":"WebPage","@id":"https:\/\/prueba.mayabad.com\/index.php\/eres-disenador-a-de-interiores\/","url":"https:\/\/prueba.mayabad.com\/index.php\/eres-disenador-a-de-interiores\/","name":"Eres dise\u00f1ador\/a de Interiores? - Arte Unico y personalizado. Cuadros por encargo","isPartOf":{"@id":"https:\/\/prueba.mayabad.com\/#website"},"primaryImageOfPage":{"@id":"https:\/\/prueba.mayabad.com\/index.php\/eres-disenador-a-de-interiores\/#primaryimage"},"image":{"@id":"https:\/\/prueba.mayabad.com\/index.php\/eres-disenador-a-de-interiores\/#primaryimage"},"thumbnailUrl":"https:\/\/prueba.mayabad.com\/wp-content\/uploads\/2025\/03\/hghg.avif","datePublished":"2025-03-03T13:33:54+00:00","dateModified":"2025-03-07T11:31:03+00:00","breadcrumb":{"@id":"https:\/\/prueba.mayabad.com\/index.php\/eres-disenador-a-de-interiores\/#breadcrumb"},"inLanguage":"es","potentialAction":[{"@type":"ReadAction","target":["https:\/\/prueba.mayabad.com\/index.php\/eres-disenador-a-de-interiores\/"]}]},{"@type":"ImageObject","inLanguage":"es","@id":"https:\/\/prueba.mayabad.com\/index.php\/eres-disenador-a-de-interiores\/#primaryimage","url":"https:\/\/prueba.mayabad.com\/wp-content\/uploads\/2025\/03\/hghg.avif","contentUrl":"https:\/\/prueba.mayabad.com\/wp-content\/uploads\/2025\/03\/hghg.avif","width":960,"height":960},{"@type":"BreadcrumbList","@id":"https:\/\/prueba.mayabad.com\/index.php\/eres-disenador-a-de-interiores\/#breadcrumb","itemListElement":[{"@type":"ListItem","position":1,"name":"Portada","item":"https:\/\/prueba.mayabad.com\/"},{"@type":"ListItem","position":2,"name":"Eres dise\u00f1ador\/a de Interiores?"}]},{"@type":"WebSite","@id":"https:\/\/prueba.mayabad.com\/#website","url":"https:\/\/prueba.mayabad.com\/","name":"Arte Unico y personalizado. Cuadros por encargo","description":"Arte Unico y personalizado. Cuadros por encargo","publisher":{"@id":"https:\/\/prueba.mayabad.com\/#organization"},"potentialAction":[{"@type":"SearchAction","target":{"@type":"EntryPoint","urlTemplate":"https:\/\/prueba.mayabad.com\/?s={search_term_string}"},"query-input":{"@type":"PropertyValueSpecification","valueRequired":true,"valueName":"search_term_string"}}],"inLanguage":"es"},{"@type":"Organization","@id":"https:\/\/prueba.mayabad.com\/#organization","name":"Arte Unico y personalizado. Cuadros por encargo","url":"https:\/\/prueba.mayabad.com\/","logo":{"@type":"ImageObject","inLanguage":"es","@id":"https:\/\/prueba.mayabad.com\/#\/schema\/logo\/image\/","url":"https:\/\/prueba.mayabad.com\/wp-content\/uploads\/2025\/03\/Imagen-de-WhatsApp-2025-03-04-a-las-19.33.51_1936e798.jpg","contentUrl":"https:\/\/prueba.mayabad.com\/wp-content\/uploads\/2025\/03\/Imagen-de-WhatsApp-2025-03-04-a-las-19.33.51_1936e798.jpg","width":1200,"height":628,"caption":"Arte Unico y personalizado. Cuadros por encargo"},"image":{"@id":"https:\/\/prueba.mayabad.com\/#\/schema\/logo\/image\/"}}]}},"_links":{"self":[{"href":"https:\/\/prueba.mayabad.com\/index.php\/wp-json\/wp\/v2\/pages\/424","targetHints":{"allow":["GET"]}}],"collection":[{"href":"https:\/\/prueba.mayabad.com\/index.php\/wp-json\/wp\/v2\/pages"}],"about":[{"href":"https:\/\/prueba.mayabad.com\/index.php\/wp-json\/wp\/v2\/types\/page"}],"author":[{"embeddable":true,"href":"https:\/\/prueba.mayabad.com\/index.php\/wp-json\/wp\/v2\/users\/1"}],"replies":[{"embeddable":true,"href":"https:\/\/prueba.mayabad.com\/index.php\/wp-json\/wp\/v2\/comments?post=424"}],"version-history":[{"count":4,"href":"https:\/\/prueba.mayabad.com\/index.php\/wp-json\/wp\/v2\/pages\/424\/revisions"}],"predecessor-version":[{"id":885,"href":"https:\/\/prueba.mayabad.com\/index.php\/wp-json\/wp\/v2\/pages\/424\/revisions\/885"}],"wp:attachment":[{"href":"https:\/\/prueba.mayabad.com\/index.php\/wp-json\/wp\/v2\/media?parent=424"}],"curies":[{"name":"wp","href":"https:\/\/api.w.org\/{rel}","templated":true}]}}