{"id":400,"date":"2025-03-03T11:32:30","date_gmt":"2025-03-03T11:32:30","guid":{"rendered":"https:\/\/prueba.mayabad.com\/?page_id=400"},"modified":"2025-03-03T11:36:30","modified_gmt":"2025-03-03T11:36:30","slug":"quien-soy","status":"publish","type":"page","link":"https:\/\/prueba.mayabad.com\/index.php\/quien-soy\/","title":{"rendered":"\u00bfQuien Soy?"},"content":{"rendered":"<div class=\"wp-block-image\">\n<figure class=\"aligncenter size-large is-resized\"><img alt=\"\" fetchpriority=\"high\" decoding=\"async\" width=\"1024\" height=\"1024\" src=\"https:\/\/prueba.mayabad.com\/wp-content\/uploads\/2025\/02\/Imagen-de-WhatsApp-2025-02-26-a-las-14.25.51_76cd5582-1024x1024.jpg\" alt=\"\" class=\"wp-image-389\" style=\"width:507px;height:auto\" srcset=\"https:\/\/prueba.mayabad.com\/wp-content\/uploads\/2025\/02\/Imagen-de-WhatsApp-2025-02-26-a-las-14.25.51_76cd5582-1024x1024.jpg 1024w, https:\/\/prueba.mayabad.com\/wp-content\/uploads\/2025\/02\/Imagen-de-WhatsApp-2025-02-26-a-las-14.25.51_76cd5582-800x800.jpg 800w, https:\/\/prueba.mayabad.com\/wp-content\/uploads\/2025\/02\/Imagen-de-WhatsApp-2025-02-26-a-las-14.25.51_76cd5582-150x150.jpg 150w, https:\/\/prueba.mayabad.com\/wp-content\/uploads\/2025\/02\/Imagen-de-WhatsApp-2025-02-26-a-las-14.25.51_76cd5582-300x300.jpg 300w, https:\/\/prueba.mayabad.com\/wp-content\/uploads\/2025\/02\/Imagen-de-WhatsApp-2025-02-26-a-las-14.25.51_76cd5582-768x768.jpg 768w, https:\/\/prueba.mayabad.com\/wp-content\/uploads\/2025\/02\/Imagen-de-WhatsApp-2025-02-26-a-las-14.25.51_76cd5582-1200x1200.jpg 1200w, https:\/\/prueba.mayabad.com\/wp-content\/uploads\/2025\/02\/Imagen-de-WhatsApp-2025-02-26-a-las-14.25.51_76cd5582-600x600.jpg 600w, https:\/\/prueba.mayabad.com\/wp-content\/uploads\/2025\/02\/Imagen-de-WhatsApp-2025-02-26-a-las-14.25.51_76cd5582-50x50.jpg 50w, https:\/\/prueba.mayabad.com\/wp-content\/uploads\/2025\/02\/Imagen-de-WhatsApp-2025-02-26-a-las-14.25.51_76cd5582-100x100.jpg 100w, https:\/\/prueba.mayabad.com\/wp-content\/uploads\/2025\/02\/Imagen-de-WhatsApp-2025-02-26-a-las-14.25.51_76cd5582.jpg 1496w\" sizes=\"(max-width: 1024px) 100vw, 1024px\" \/><\/figure>\n<\/div>\n\n\n<p class=\"has-black-color has-text-color has-link-color has-medium-font-size wp-elements-b43ee8d73deddce732d556e60de4a27b\">Hola!! Soy May!!<\/p>\n\n\n\n<p class=\"has-black-color has-text-color has-link-color has-medium-font-size wp-elements-9ea9de3557edab6b4469dff93e6affdc\"><\/p>\n\n\n\n<p class=\"has-black-color has-text-color has-link-color has-medium-font-size wp-elements-932e0fe378b55567682db6c60309de83\">Desde que tengo memoria, la pintura ha sido mi refugio, mi lenguaje y mi forma de darle color al mundo. A los tres a\u00f1os ya sorprend\u00eda en la guarder\u00eda con dibujos que parec\u00edan adelantarse a mi edad, y cuando llegaba a casa, me pasaba horas pintando con mi madre en la cocina. Mientras otros ni\u00f1os jugaban, yo llenaba libretas y paredes de trazos que, sin saberlo, marcar\u00edan el inicio de un viaje apasionante.<\/p>\n\n\n\n<p class=\"has-black-color has-text-color has-link-color has-medium-font-size wp-elements-9ea9de3557edab6b4469dff93e6affdc\"><\/p>\n\n\n\n<p class=\"has-black-color has-text-color has-link-color has-medium-font-size wp-elements-43971a67fab0b5dd5fe1da3b3c3ce789\">A los 10 a\u00f1os, decid\u00ed dar un paso m\u00e1s all\u00e1 y sumergirme en el arte de manera m\u00e1s formal. Comenc\u00e9 clases de pintura y escultura, explorando t\u00e9cnicas, texturas y formas hasta los 17 a\u00f1os. Sin embargo, la vida me llev\u00f3 a estudiar arquitectura, donde descubr\u00ed otra forma de arte: la armonizaci\u00f3n de espacios, el dise\u00f1o y la belleza en la funcionalidad. Durante a\u00f1os, busqu\u00e9 el equilibrio entre ambas pasiones, pero la pintura siempre encontr\u00f3 la manera de volver a m\u00ed.<\/p>\n\n\n\n<p class=\"has-black-color has-text-color has-link-color has-medium-font-size wp-elements-9ea9de3557edab6b4469dff93e6affdc\"><\/p>\n\n\n\n<p class=\"has-black-color has-text-color has-link-color has-medium-font-size wp-elements-341c849cd087f8ff833f8773a39dcefa\">A medida que creaba m\u00e1s y m\u00e1s obras, mi hogar comenz\u00f3 a quedarse peque\u00f1o para todos mis lienzos. Fue entonces cuando, casi sin darme cuenta, empec\u00e9 a vender mis piezas. Lo que comenz\u00f3 como un hobby se convirti\u00f3 en algo m\u00e1s grande: la posibilidad de compartir mis emociones, mis experiencias y mi visi\u00f3n del mundo con otros.<\/p>\n\n\n<div class=\"wp-block-image\">\n<figure class=\"aligncenter size-large is-resized\"><img alt=\"\" decoding=\"async\" width=\"1024\" height=\"987\" src=\"https:\/\/prueba.mayabad.com\/wp-content\/uploads\/2025\/02\/Imagen-de-WhatsApp-2025-02-26-a-las-12.43.30_439099a5-1024x987.jpg\" alt=\"\" class=\"wp-image-329\" style=\"width:561px;height:auto\" srcset=\"https:\/\/prueba.mayabad.com\/wp-content\/uploads\/2025\/02\/Imagen-de-WhatsApp-2025-02-26-a-las-12.43.30_439099a5-1024x987.jpg 1024w, https:\/\/prueba.mayabad.com\/wp-content\/uploads\/2025\/02\/Imagen-de-WhatsApp-2025-02-26-a-las-12.43.30_439099a5-800x771.jpg 800w, https:\/\/prueba.mayabad.com\/wp-content\/uploads\/2025\/02\/Imagen-de-WhatsApp-2025-02-26-a-las-12.43.30_439099a5-300x289.jpg 300w, https:\/\/prueba.mayabad.com\/wp-content\/uploads\/2025\/02\/Imagen-de-WhatsApp-2025-02-26-a-las-12.43.30_439099a5-768x740.jpg 768w, https:\/\/prueba.mayabad.com\/wp-content\/uploads\/2025\/02\/Imagen-de-WhatsApp-2025-02-26-a-las-12.43.30_439099a5.jpg 1440w\" sizes=\"(max-width: 1024px) 100vw, 1024px\" \/><\/figure>\n<\/div>\n\n\n<p class=\"has-black-color has-text-color has-link-color has-medium-font-size wp-elements-9ea9de3557edab6b4469dff93e6affdc\"><\/p>\n\n\n\n<p class=\"has-black-color has-text-color has-link-color has-medium-font-size wp-elements-6e99560e6b7abf1705d0bed33a005688\">Mi crecimiento art\u00edstico se vio marcado por dos grandes experiencias que definieron mi estilo y esencia. En 2012, me mud\u00e9 a Vancouver, Canad\u00e1, donde tuve la oportunidad de conocer de cerca el arte norteamericano y sus influencias. Sin embargo, la transformaci\u00f3n m\u00e1s profunda lleg\u00f3 entre 2020 y 2022, cuando viv\u00ed en Hamburgo, Alemania. All\u00ed me sumerg\u00ed en la sobriedad alemana, la elegancia finlandesa y la riqueza t\u00e9cnica de la pintura holandesa. Fue un per\u00edodo de evoluci\u00f3n, de introspecci\u00f3n y de descubrimiento.<\/p>\n\n\n\n<p class=\"has-black-color has-text-color has-link-color has-medium-font-size wp-elements-9ea9de3557edab6b4469dff93e6affdc\"><\/p>\n\n\n\n<p class=\"has-black-color has-text-color has-link-color has-medium-font-size wp-elements-4a9e0864634650517d5945c623016df3\">Finalmente, en 2024, di el salto definitivo y abr\u00ed <em>Studio May Love Arts<\/em>, un espacio donde puedo dedicarme por completo a mi verdadera pasi\u00f3n. Este estudio no es solo un taller, sino un universo donde cada pincelada cobra vida, donde cada lienzo cuenta una historia y donde cada obra est\u00e1 pensada para transmitir una emoci\u00f3n \u00fanica.<\/p>\n\n\n\n<p><\/p>\n\n\n<div class=\"wp-block-image\">\n<figure class=\"aligncenter size-large is-resized\"><img alt=\"\" decoding=\"async\" width=\"1024\" height=\"1024\" src=\"https:\/\/prueba.mayabad.com\/wp-content\/uploads\/2025\/03\/Imagen-de-WhatsApp-2025-02-26-a-las-14.25.16_c8157ab4-1024x1024.jpg\" alt=\"\" class=\"wp-image-403\" style=\"width:618px;height:auto\" srcset=\"https:\/\/prueba.mayabad.com\/wp-content\/uploads\/2025\/03\/Imagen-de-WhatsApp-2025-02-26-a-las-14.25.16_c8157ab4-1024x1024.jpg 1024w, https:\/\/prueba.mayabad.com\/wp-content\/uploads\/2025\/03\/Imagen-de-WhatsApp-2025-02-26-a-las-14.25.16_c8157ab4-800x800.jpg 800w, https:\/\/prueba.mayabad.com\/wp-content\/uploads\/2025\/03\/Imagen-de-WhatsApp-2025-02-26-a-las-14.25.16_c8157ab4-150x150.jpg 150w, https:\/\/prueba.mayabad.com\/wp-content\/uploads\/2025\/03\/Imagen-de-WhatsApp-2025-02-26-a-las-14.25.16_c8157ab4-300x300.jpg 300w, https:\/\/prueba.mayabad.com\/wp-content\/uploads\/2025\/03\/Imagen-de-WhatsApp-2025-02-26-a-las-14.25.16_c8157ab4-768x768.jpg 768w, https:\/\/prueba.mayabad.com\/wp-content\/uploads\/2025\/03\/Imagen-de-WhatsApp-2025-02-26-a-las-14.25.16_c8157ab4-1200x1200.jpg 1200w, https:\/\/prueba.mayabad.com\/wp-content\/uploads\/2025\/03\/Imagen-de-WhatsApp-2025-02-26-a-las-14.25.16_c8157ab4-600x600.jpg 600w, https:\/\/prueba.mayabad.com\/wp-content\/uploads\/2025\/03\/Imagen-de-WhatsApp-2025-02-26-a-las-14.25.16_c8157ab4-50x50.jpg 50w, https:\/\/prueba.mayabad.com\/wp-content\/uploads\/2025\/03\/Imagen-de-WhatsApp-2025-02-26-a-las-14.25.16_c8157ab4-100x100.jpg 100w, https:\/\/prueba.mayabad.com\/wp-content\/uploads\/2025\/03\/Imagen-de-WhatsApp-2025-02-26-a-las-14.25.16_c8157ab4.jpg 1496w\" sizes=\"(max-width: 1024px) 100vw, 1024px\" \/><\/figure>\n<\/div>\n\n\n<p class=\"has-black-color has-text-color has-link-color has-medium-font-size wp-elements-9ea9de3557edab6b4469dff93e6affdc\"><\/p>\n\n\n\n<p class=\"has-black-color has-text-color has-link-color has-medium-font-size wp-elements-824290f7a7cfd3f711646b05f48e2c55\">Aqu\u00ed no solo encontrar\u00e1s arte, sino experiencias visuales que buscan conectar contigo. Mis obras no est\u00e1n hechas para ser solo admiradas; est\u00e1n creadas para transformar espacios, para transmitir energ\u00eda y para despertar sensaciones. Cada pieza que sale de mi estudio lleva consigo una parte de mi historia, de mis viajes, de mis aprendizajes y, sobre todo, de mi alma.<\/p>\n\n\n\n<p class=\"has-black-color has-text-color has-link-color has-medium-font-size wp-elements-9ea9de3557edab6b4469dff93e6affdc\"><\/p>\n\n\n\n<p class=\"has-black-color has-text-color has-link-color has-medium-font-size wp-elements-45d8887adaeeaea4d6868fc843a74193\">As\u00ed que te invito a explorar mis creaciones, a descubrir qu\u00e9 te transmiten y, si alguna de ellas resuena contigo, a hacerla parte de tu vida. Porque el arte no es solo para contemplar, sino para sentir y vivir.<\/p>\n\n\n\n<p class=\"has-black-color has-text-color has-link-color has-medium-font-size wp-elements-9ea9de3557edab6b4469dff93e6affdc\"><\/p>\n\n\n\n<p class=\"has-black-color has-text-color has-link-color has-medium-font-size wp-elements-2c9ee7a6e35e172666a90d4d27b7c3d4\">Bienvenido a mi mundo.<\/p>\n\n\n\n<p><\/p>\n","protected":false},"excerpt":{"rendered":"<p>Hola!! Soy May!! Desde que tengo memoria, la pintura ha sido mi refugio, mi lenguaje y mi forma de darle color al mundo. A los tres a\u00f1os ya sorprend\u00eda en&hellip;<\/p>\n","protected":false},"author":1,"featured_media":0,"parent":0,"menu_order":0,"comment_status":"closed","ping_status":"closed","template":"","meta":{"_seopress_robots_primary_cat":"","_seopress_titles_title":"","_seopress_titles_desc":"","_seopress_robots_index":"","_regular_price":[],"currency_symbol":[],"footnotes":""},"class_list":["post-400","page","type-page","status-publish","hentry"],"post_slider_layout_featured_media_urls":{"thumbnail":"","post_slider_layout_landscape_large":"","post_slider_layout_portrait_large":"","post_slider_layout_square_large":"","post_slider_layout_landscape":"","post_slider_layout_portrait":"","post_slider_layout_square":"","full":""},"featured_image_src":null,"yoast_head":"<!-- This site is optimized with the Yoast SEO plugin v27.4 - https:\/\/yoast.com\/product\/yoast-seo-wordpress\/ -->\n<title>\u00bfQuien Soy? - Arte Unico y personalizado. Cuadros por encargo<\/title>\n<meta name=\"robots\" content=\"index, follow, max-snippet:-1, max-image-preview:large, max-video-preview:-1\" \/>\n<link rel=\"canonical\" href=\"https:\/\/prueba.mayabad.com\/index.php\/quien-soy\/\" \/>\n<meta property=\"og:locale\" content=\"es_ES\" \/>\n<meta property=\"og:type\" content=\"article\" \/>\n<meta property=\"og:title\" content=\"\u00bfQuien Soy? - Arte Unico y personalizado. Cuadros por encargo\" \/>\n<meta property=\"og:description\" content=\"Hola!! Soy May!! Desde que tengo memoria, la pintura ha sido mi refugio, mi lenguaje y mi forma de darle color al mundo. A los tres a\u00f1os ya sorprend\u00eda en&hellip;\" \/>\n<meta property=\"og:url\" content=\"https:\/\/prueba.mayabad.com\/index.php\/quien-soy\/\" \/>\n<meta property=\"og:site_name\" content=\"Arte Unico y personalizado. Cuadros por encargo\" \/>\n<meta property=\"article:modified_time\" content=\"2025-03-03T11:36:30+00:00\" \/>\n<meta property=\"og:image\" content=\"https:\/\/prueba.mayabad.com\/wp-content\/uploads\/2025\/02\/Imagen-de-WhatsApp-2025-02-26-a-las-14.25.51_76cd5582.jpg\" \/>\n\t<meta property=\"og:image:width\" content=\"1496\" \/>\n\t<meta property=\"og:image:height\" content=\"1496\" \/>\n\t<meta property=\"og:image:type\" content=\"image\/jpeg\" \/>\n<meta name=\"twitter:card\" content=\"summary_large_image\" \/>\n<meta name=\"twitter:label1\" content=\"Tiempo de lectura\" \/>\n\t<meta name=\"twitter:data1\" content=\"2 minutos\" \/>\n<script type=\"application\/ld+json\" class=\"yoast-schema-graph\">{\"@context\":\"https:\\\/\\\/schema.org\",\"@graph\":[{\"@type\":\"WebPage\",\"@id\":\"https:\\\/\\\/prueba.mayabad.com\\\/index.php\\\/quien-soy\\\/\",\"url\":\"https:\\\/\\\/prueba.mayabad.com\\\/index.php\\\/quien-soy\\\/\",\"name\":\"\u00bfQuien Soy? - Arte Unico y personalizado. Cuadros por encargo\",\"isPartOf\":{\"@id\":\"https:\\\/\\\/prueba.mayabad.com\\\/#website\"},\"primaryImageOfPage\":{\"@id\":\"https:\\\/\\\/prueba.mayabad.com\\\/index.php\\\/quien-soy\\\/#primaryimage\"},\"image\":{\"@id\":\"https:\\\/\\\/prueba.mayabad.com\\\/index.php\\\/quien-soy\\\/#primaryimage\"},\"thumbnailUrl\":\"https:\\\/\\\/prueba.mayabad.com\\\/wp-content\\\/uploads\\\/2025\\\/02\\\/Imagen-de-WhatsApp-2025-02-26-a-las-14.25.51_76cd5582-1024x1024.jpg\",\"datePublished\":\"2025-03-03T11:32:30+00:00\",\"dateModified\":\"2025-03-03T11:36:30+00:00\",\"breadcrumb\":{\"@id\":\"https:\\\/\\\/prueba.mayabad.com\\\/index.php\\\/quien-soy\\\/#breadcrumb\"},\"inLanguage\":\"es\",\"potentialAction\":[{\"@type\":\"ReadAction\",\"target\":[\"https:\\\/\\\/prueba.mayabad.com\\\/index.php\\\/quien-soy\\\/\"]}]},{\"@type\":\"ImageObject\",\"inLanguage\":\"es\",\"@id\":\"https:\\\/\\\/prueba.mayabad.com\\\/index.php\\\/quien-soy\\\/#primaryimage\",\"url\":\"https:\\\/\\\/prueba.mayabad.com\\\/wp-content\\\/uploads\\\/2025\\\/02\\\/Imagen-de-WhatsApp-2025-02-26-a-las-14.25.51_76cd5582.jpg\",\"contentUrl\":\"https:\\\/\\\/prueba.mayabad.com\\\/wp-content\\\/uploads\\\/2025\\\/02\\\/Imagen-de-WhatsApp-2025-02-26-a-las-14.25.51_76cd5582.jpg\",\"width\":1496,\"height\":1496},{\"@type\":\"BreadcrumbList\",\"@id\":\"https:\\\/\\\/prueba.mayabad.com\\\/index.php\\\/quien-soy\\\/#breadcrumb\",\"itemListElement\":[{\"@type\":\"ListItem\",\"position\":1,\"name\":\"Portada\",\"item\":\"https:\\\/\\\/prueba.mayabad.com\\\/\"},{\"@type\":\"ListItem\",\"position\":2,\"name\":\"\u00bfQuien Soy?\"}]},{\"@type\":\"WebSite\",\"@id\":\"https:\\\/\\\/prueba.mayabad.com\\\/#website\",\"url\":\"https:\\\/\\\/prueba.mayabad.com\\\/\",\"name\":\"Arte Unico y personalizado. Cuadros por encargo\",\"description\":\"Arte Unico y personalizado. Cuadros por encargo\",\"publisher\":{\"@id\":\"https:\\\/\\\/prueba.mayabad.com\\\/#organization\"},\"potentialAction\":[{\"@type\":\"SearchAction\",\"target\":{\"@type\":\"EntryPoint\",\"urlTemplate\":\"https:\\\/\\\/prueba.mayabad.com\\\/?s={search_term_string}\"},\"query-input\":{\"@type\":\"PropertyValueSpecification\",\"valueRequired\":true,\"valueName\":\"search_term_string\"}}],\"inLanguage\":\"es\"},{\"@type\":\"Organization\",\"@id\":\"https:\\\/\\\/prueba.mayabad.com\\\/#organization\",\"name\":\"Arte Unico y personalizado. Cuadros por encargo\",\"url\":\"https:\\\/\\\/prueba.mayabad.com\\\/\",\"logo\":{\"@type\":\"ImageObject\",\"inLanguage\":\"es\",\"@id\":\"https:\\\/\\\/prueba.mayabad.com\\\/#\\\/schema\\\/logo\\\/image\\\/\",\"url\":\"https:\\\/\\\/prueba.mayabad.com\\\/wp-content\\\/uploads\\\/2025\\\/03\\\/Imagen-de-WhatsApp-2025-03-04-a-las-19.33.51_1936e798.jpg\",\"contentUrl\":\"https:\\\/\\\/prueba.mayabad.com\\\/wp-content\\\/uploads\\\/2025\\\/03\\\/Imagen-de-WhatsApp-2025-03-04-a-las-19.33.51_1936e798.jpg\",\"width\":1200,\"height\":628,\"caption\":\"Arte Unico y personalizado. Cuadros por encargo\"},\"image\":{\"@id\":\"https:\\\/\\\/prueba.mayabad.com\\\/#\\\/schema\\\/logo\\\/image\\\/\"}}]}<\/script>\n<!-- \/ Yoast SEO plugin. -->","yoast_head_json":{"title":"\u00bfQuien Soy? - Arte Unico y personalizado. Cuadros por encargo","robots":{"index":"index","follow":"follow","max-snippet":"max-snippet:-1","max-image-preview":"max-image-preview:large","max-video-preview":"max-video-preview:-1"},"canonical":"https:\/\/prueba.mayabad.com\/index.php\/quien-soy\/","og_locale":"es_ES","og_type":"article","og_title":"\u00bfQuien Soy? - Arte Unico y personalizado. Cuadros por encargo","og_description":"Hola!! Soy May!! Desde que tengo memoria, la pintura ha sido mi refugio, mi lenguaje y mi forma de darle color al mundo. A los tres a\u00f1os ya sorprend\u00eda en&hellip;","og_url":"https:\/\/prueba.mayabad.com\/index.php\/quien-soy\/","og_site_name":"Arte Unico y personalizado. Cuadros por encargo","article_modified_time":"2025-03-03T11:36:30+00:00","og_image":[{"width":1496,"height":1496,"url":"https:\/\/prueba.mayabad.com\/wp-content\/uploads\/2025\/02\/Imagen-de-WhatsApp-2025-02-26-a-las-14.25.51_76cd5582.jpg","type":"image\/jpeg"}],"twitter_card":"summary_large_image","twitter_misc":{"Tiempo de lectura":"2 minutos"},"schema":{"@context":"https:\/\/schema.org","@graph":[{"@type":"WebPage","@id":"https:\/\/prueba.mayabad.com\/index.php\/quien-soy\/","url":"https:\/\/prueba.mayabad.com\/index.php\/quien-soy\/","name":"\u00bfQuien Soy? - Arte Unico y personalizado. Cuadros por encargo","isPartOf":{"@id":"https:\/\/prueba.mayabad.com\/#website"},"primaryImageOfPage":{"@id":"https:\/\/prueba.mayabad.com\/index.php\/quien-soy\/#primaryimage"},"image":{"@id":"https:\/\/prueba.mayabad.com\/index.php\/quien-soy\/#primaryimage"},"thumbnailUrl":"https:\/\/prueba.mayabad.com\/wp-content\/uploads\/2025\/02\/Imagen-de-WhatsApp-2025-02-26-a-las-14.25.51_76cd5582-1024x1024.jpg","datePublished":"2025-03-03T11:32:30+00:00","dateModified":"2025-03-03T11:36:30+00:00","breadcrumb":{"@id":"https:\/\/prueba.mayabad.com\/index.php\/quien-soy\/#breadcrumb"},"inLanguage":"es","potentialAction":[{"@type":"ReadAction","target":["https:\/\/prueba.mayabad.com\/index.php\/quien-soy\/"]}]},{"@type":"ImageObject","inLanguage":"es","@id":"https:\/\/prueba.mayabad.com\/index.php\/quien-soy\/#primaryimage","url":"https:\/\/prueba.mayabad.com\/wp-content\/uploads\/2025\/02\/Imagen-de-WhatsApp-2025-02-26-a-las-14.25.51_76cd5582.jpg","contentUrl":"https:\/\/prueba.mayabad.com\/wp-content\/uploads\/2025\/02\/Imagen-de-WhatsApp-2025-02-26-a-las-14.25.51_76cd5582.jpg","width":1496,"height":1496},{"@type":"BreadcrumbList","@id":"https:\/\/prueba.mayabad.com\/index.php\/quien-soy\/#breadcrumb","itemListElement":[{"@type":"ListItem","position":1,"name":"Portada","item":"https:\/\/prueba.mayabad.com\/"},{"@type":"ListItem","position":2,"name":"\u00bfQuien Soy?"}]},{"@type":"WebSite","@id":"https:\/\/prueba.mayabad.com\/#website","url":"https:\/\/prueba.mayabad.com\/","name":"Arte Unico y personalizado. Cuadros por encargo","description":"Arte Unico y personalizado. Cuadros por encargo","publisher":{"@id":"https:\/\/prueba.mayabad.com\/#organization"},"potentialAction":[{"@type":"SearchAction","target":{"@type":"EntryPoint","urlTemplate":"https:\/\/prueba.mayabad.com\/?s={search_term_string}"},"query-input":{"@type":"PropertyValueSpecification","valueRequired":true,"valueName":"search_term_string"}}],"inLanguage":"es"},{"@type":"Organization","@id":"https:\/\/prueba.mayabad.com\/#organization","name":"Arte Unico y personalizado. Cuadros por encargo","url":"https:\/\/prueba.mayabad.com\/","logo":{"@type":"ImageObject","inLanguage":"es","@id":"https:\/\/prueba.mayabad.com\/#\/schema\/logo\/image\/","url":"https:\/\/prueba.mayabad.com\/wp-content\/uploads\/2025\/03\/Imagen-de-WhatsApp-2025-03-04-a-las-19.33.51_1936e798.jpg","contentUrl":"https:\/\/prueba.mayabad.com\/wp-content\/uploads\/2025\/03\/Imagen-de-WhatsApp-2025-03-04-a-las-19.33.51_1936e798.jpg","width":1200,"height":628,"caption":"Arte Unico y personalizado. Cuadros por encargo"},"image":{"@id":"https:\/\/prueba.mayabad.com\/#\/schema\/logo\/image\/"}}]}},"_links":{"self":[{"href":"https:\/\/prueba.mayabad.com\/index.php\/wp-json\/wp\/v2\/pages\/400","targetHints":{"allow":["GET"]}}],"collection":[{"href":"https:\/\/prueba.mayabad.com\/index.php\/wp-json\/wp\/v2\/pages"}],"about":[{"href":"https:\/\/prueba.mayabad.com\/index.php\/wp-json\/wp\/v2\/types\/page"}],"author":[{"embeddable":true,"href":"https:\/\/prueba.mayabad.com\/index.php\/wp-json\/wp\/v2\/users\/1"}],"replies":[{"embeddable":true,"href":"https:\/\/prueba.mayabad.com\/index.php\/wp-json\/wp\/v2\/comments?post=400"}],"version-history":[{"count":4,"href":"https:\/\/prueba.mayabad.com\/index.php\/wp-json\/wp\/v2\/pages\/400\/revisions"}],"predecessor-version":[{"id":418,"href":"https:\/\/prueba.mayabad.com\/index.php\/wp-json\/wp\/v2\/pages\/400\/revisions\/418"}],"wp:attachment":[{"href":"https:\/\/prueba.mayabad.com\/index.php\/wp-json\/wp\/v2\/media?parent=400"}],"curies":[{"name":"wp","href":"https:\/\/api.w.org\/{rel}","templated":true}]}}